{"id":5221,"date":"2024-11-07T16:00:24","date_gmt":"2024-11-07T15:00:24","guid":{"rendered":"https:\/\/www.insuranceandsaving.com\/ubezpieczenie\/"},"modified":"2024-11-25T15:11:24","modified_gmt":"2024-11-25T14:11:24","slug":"ubezpieczenie","status":"publish","type":"page","link":"https:\/\/www.insuranceandsaving.com\/pl\/ubezpieczenie\/","title":{"rendered":"Ubezpieczenie"},"content":{"rendered":"<p>[et_pb_section fb_built=&#8221;1&#8243; _builder_version=&#8221;4.27.2&#8243; _module_preset=&#8221;default&#8221; global_colors_info=&#8221;{}&#8221;][et_pb_row _builder_version=&#8221;4.27.2&#8243; _module_preset=&#8221;default&#8221; global_colors_info=&#8221;{}&#8221;][et_pb_column type=&#8221;4_4&#8243; _builder_version=&#8221;4.27.2&#8243; _module_preset=&#8221;default&#8221; global_colors_info=&#8221;{}&#8221;][et_pb_text _builder_version=&#8221;4.27.2&#8243; _module_preset=&#8221;default&#8221; global_colors_info=&#8221;{}&#8221;]<\/p>\n<p><b>Ubezpieczenie szyte na miar\u0119 na ka\u017cdym etapie \u017cycia<\/b><\/p>\n<p><span style=\"font-weight: 400;\">W <\/span><i><span style=\"font-weight: 400;\">Insurance and Saving<\/span><\/i><span style=\"font-weight: 400;\">, wierzymy, \u017ce spok\u00f3j ducha jest nieoceniony. Wiemy, \u017ce ochrona tego, co kochasz, od zdrowia i rodziny po dom i projekty, jest niezb\u0119dna do pe\u0142nego \u017cycia. Z tego powodu opracowali\u015bmy pe\u0142n\u0105 gam\u0119 ubezpiecze\u0144, kt\u00f3re zapewni\u0105 Ci niezb\u0119dn\u0105 ochron\u0119 i wsparcie w ka\u017cdej sytuacji. Dzi\u0119ki naszym polisom masz pewno\u015b\u0107, \u017ce otrzymasz niezb\u0119dne wsparcie w przypadku ka\u017cdego nieprzewidzianego zdarzenia, zawsze licz\u0105c na bliskie i spersonalizowane podej\u015bcie.<\/span><\/p>\n<p><span style=\"font-weight: 400;\">Naszym celem jest towarzyszenie Ci w rozwi\u0105zaniach bezpiecze\u0144stwa dostosowanych do ka\u017cdego etapu Twojego \u017cycia, zapewniaj\u0105c doskona\u0142\u0105 obs\u0142ug\u0119 i zasi\u0119g, kt\u00f3ry dostosowuje si\u0119 do Twoich konkretnych potrzeb. Poni\u017cej przedstawiamy nasze us\u0142ugi ubezpieczeniowe, kt\u00f3rych celem jest zapewnienie Ci spokoju ducha, na jaki zas\u0142ugujesz.<\/span><\/p>\n<p>[\/et_pb_text][\/et_pb_column][\/et_pb_row][et_pb_row column_structure=&#8221;1_2,1_2&#8243; _builder_version=&#8221;4.27.2&#8243; _module_preset=&#8221;default&#8221; global_colors_info=&#8221;{}&#8221;][et_pb_column type=&#8221;1_2&#8243; _builder_version=&#8221;4.27.2&#8243; _module_preset=&#8221;default&#8221; global_colors_info=&#8221;{}&#8221;][et_pb_blurb title=&#8221;Ubezpieczenie zdrowotne&#8221; use_icon=&#8221;on&#8221; font_icon=&#8221;&#xf481;||fa||900&#8243; icon_color=&#8221;#e03e35&#8243; _builder_version=&#8221;4.27.2&#8243; _module_preset=&#8221;default&#8221; global_colors_info=&#8221;{}&#8221;]<\/p>\n<p>Dbanie o zdrowie swoje i swoich bliskich jest dla nas priorytetem. Dzi\u0119ki naszemu ubezpieczeniu zdrowotnemu b\u0119dziesz mie\u0107 dost\u0119p do sieci szpitali i specjalist\u00f3w na najwy\u017cszym poziomie, a tak\u017ce pokrycie podstawowych i bardziej skomplikowanych wydatk\u00f3w medycznych. W\u015br\u00f3d jego zalet oferujemy:<\/p>\n<ul>\n<li>\n<p>Konsultacje lekarskie i hospitalizacja<\/p>\n<\/li>\n<li>\n<p>Zabiegi specjalistyczne i stany nag\u0142e<\/p>\n<\/li>\n<li>\n<p>Ubezpieczenie na wypadek powa\u017cnych chor\u00f3b i us\u0142ugi profilaktyczne<\/p>\n<\/li>\n<li>\n<p>Opcje zwrotu koszt\u00f3w i programy odnowy biologicznej<\/p>\n<\/li>\n<\/ul>\n<p>[\/et_pb_blurb][\/et_pb_column][et_pb_column type=&#8221;1_2&#8243; _builder_version=&#8221;4.27.2&#8243; _module_preset=&#8221;default&#8221; global_colors_info=&#8221;{}&#8221;][et_pb_blurb title=&#8221;Ubezpieczenie na \u017cycie&#8221; use_icon=&#8221;on&#8221; font_icon=&#8221;&#xf21e;||fa||900&#8243; icon_color=&#8221;#e03e35&#8243; _builder_version=&#8221;4.27.2&#8243; _module_preset=&#8221;default&#8221; global_colors_info=&#8221;{}&#8221;]<\/p>\n<p>Ubezpieczenie na \u017cycie to inwestycja w przysz\u0142o\u015b\u0107 tych, kt\u00f3rych kochasz najbardziej. Dzi\u0119ki naszym polisom na \u017cycie gwarantujemy bezpiecze\u0144stwo finansowe Twojej rodzinie i spok\u00f3j ducha, \u017ce \u200b\u200bb\u0119dzie chroniona w trudnych chwilach. Nasze opcje obejmuj\u0105:<\/p>\n<ul>\n<li>Tymczasowe i sta\u0142e ubezpieczenie na \u017cycie<\/li>\n<li>Ochrona sp\u0142aty zad\u0142u\u017cenia<\/li>\n<li>Opcje oszcz\u0119dzania i kapitalizacji<\/li>\n<li>\u015awiadczenia w przypadku nieuleczalnej choroby lub niepe\u0142nosprawno\u015bci<\/li>\n<\/ul>\n<p>[\/et_pb_blurb][\/et_pb_column][\/et_pb_row][et_pb_row column_structure=&#8221;1_2,1_2&#8243; _builder_version=&#8221;4.27.2&#8243; _module_preset=&#8221;default&#8221; global_colors_info=&#8221;{}&#8221;][et_pb_column type=&#8221;1_2&#8243; _builder_version=&#8221;4.27.2&#8243; _module_preset=&#8221;default&#8221; global_colors_info=&#8221;{}&#8221;][et_pb_blurb title=&#8221;Ubezpieczenie samochodu&#8221; use_icon=&#8221;on&#8221; font_icon=&#8221;&#xf5e4;||fa||900&#8243; icon_color=&#8221;#e03e35&#8243; _builder_version=&#8221;4.27.2&#8243; _module_preset=&#8221;default&#8221; global_colors_info=&#8221;{}&#8221;]<\/p>\n<p>Spok\u00f3j ducha za kierownic\u0105 jest mo\u017cliwy dzi\u0119ki naszemu ubezpieczeniu samochodu, kt\u00f3re pozwala Ci je\u017adzi\u0107 bez zmartwie\u0144. Obejmuje wszystko, od szk\u00f3d powypadkowych po pomoc drogow\u0105, oferuj\u0105c:<\/p>\n<ul>\n<li>\n<p>Ubezpieczenie od wypadk\u00f3w, kradzie\u017cy i uszkodze\u0144<\/p>\n<\/li>\n<li>\n<p>Ca\u0142odobowa pomoc drogowa i prawna<\/p>\n<\/li>\n<li>\n<p>Opcje samochodu zast\u0119pczego<\/p>\n<\/li>\n<li>\n<p>Polisy kompleksowe i cz\u0119\u015bciowe<\/p>\n<\/li>\n<\/ul>\n<p>[\/et_pb_blurb][\/et_pb_column][et_pb_column type=&#8221;1_2&#8243; _builder_version=&#8221;4.27.2&#8243; _module_preset=&#8221;default&#8221; global_colors_info=&#8221;{}&#8221;][et_pb_blurb title=&#8221;Ubezpieczenie domu&#8221; use_icon=&#8221;on&#8221; font_icon=&#8221;&#xe074;||divi||400&#8243; icon_color=&#8221;#e03e35&#8243; _builder_version=&#8221;4.27.2&#8243; _module_preset=&#8221;default&#8221; global_colors_info=&#8221;{}&#8221;]<\/p>\n<p>Tw\u00f3j dom jest Twoim schronieniem i jego ochrona jest niezb\u0119dna. Nasze ubezpieczenie domu oferuje kompleksow\u0105 ochron\u0119 przed g\u0142\u00f3wnymi ryzykami, dbaj\u0105c nie tylko o Tw\u00f3j dom, ale tak\u017ce o Twoje rzeczy. W\u015br\u00f3d korzy\u015bci wyr\u00f3\u017cniaj\u0105 si\u0119:<\/p>\n<ul>\n<li>\n<p>Ochrona przed szkodami spowodowanymi po\u017carem, kradzie\u017c\u0105 i kl\u0119skami \u017cywio\u0142owymi<\/p>\n<\/li>\n<li>\n<p>Ubezpieczenie mienia i rzeczy osobistych<\/p>\n<\/li>\n<li>\n<p>Opcje opieki domowej<\/p>\n<\/li>\n<li>\n<p>Odpowiedzialno\u015b\u0107 cywilna w celu ochrony os\u00f3b trzecich<\/p>\n<\/li>\n<\/ul>\n<p>[\/et_pb_blurb][\/et_pb_column][\/et_pb_row][et_pb_row _builder_version=&#8221;4.27.2&#8243; _module_preset=&#8221;default&#8221; global_colors_info=&#8221;{}&#8221;][et_pb_column type=&#8221;4_4&#8243; _builder_version=&#8221;4.27.2&#8243; _module_preset=&#8221;default&#8221; global_colors_info=&#8221;{}&#8221;][et_pb_blurb title=&#8221;Ubezpieczenia dla firm i przedsi\u0119biorstw&#8221; use_icon=&#8221;on&#8221; font_icon=&#8221;&#xe0f4;||divi||400&#8243; icon_color=&#8221;#e03e35&#8243; _builder_version=&#8221;4.27.2&#8243; _module_preset=&#8221;default&#8221; global_colors_info=&#8221;{}&#8221;]<\/p>\n<p>Zapewnij rozw\u00f3j i stabilno\u015b\u0107 swojego biznesu dzi\u0119ki pe\u0142nej ochronie dostosowanej do potrzeb Twojego biznesu. Nasz zasi\u0119g komercyjny zapewnia wsparcie w kluczowych obszarach, takich jak:<\/p>\n<ul>\n<li>Ubezpieczenie mienia komercyjnego<\/li>\n<li>Ochrona przed odpowiedzialno\u015bci\u0105 cywiln\u0105 i szkodami wyrz\u0105dzonymi osobom trzecim<\/li>\n<li>Ubezpieczenie sprz\u0119tu i maj\u0105tku<\/li>\n<li>Ubezpieczenie od przerw w dzia\u0142alno\u015bci i cyberbezpiecze\u0144stwa<\/li>\n<\/ul>\n<p>[\/et_pb_blurb][\/et_pb_column][\/et_pb_row][et_pb_row _builder_version=&#8221;4.27.2&#8243; _module_preset=&#8221;default&#8221; global_colors_info=&#8221;{}&#8221;][et_pb_column type=&#8221;4_4&#8243; _builder_version=&#8221;4.27.2&#8243; _module_preset=&#8221;default&#8221; global_colors_info=&#8221;{}&#8221;][et_pb_text _builder_version=&#8221;4.27.2&#8243; _module_preset=&#8221;default&#8221; text_text_color=&#8221;#FFFFFF&#8221; header_3_text_color=&#8221;#FFFFFF&#8221; background_color=&#8221;#e07570&#8243; custom_padding=&#8221;2vw|2vw|2vw|2vw|false|false&#8221; global_colors_info=&#8221;{}&#8221;]<\/p>\n<p>&nbsp;<\/p>\n<h3><b>Dlaczego wybiera\u0107 <\/b><b><i>Insurance and Saving<\/i><\/b><b>?<\/b><\/h3>\n<ul>\n<li style=\"font-weight: 400;\" aria-level=\"1\"><b>Spersonalizowana ochrona:<\/b><span style=\"font-weight: 400;\"> projektujemy ka\u017cd\u0105 polis\u0119 tak, aby by\u0142a dla Ciebie odpowiednia, traktuj\u0105c priorytetowo to, czego naprawd\u0119 potrzebujesz.<\/span><\/li>\n<li style=\"font-weight: 400;\" aria-level=\"1\"><b>Uwaga 24\/7:<\/b><span style=\"font-weight: 400;\"> Dbamy o to, aby zawsze by\u0107 przy Tobie, z szybk\u0105 pomoc\u0105 i oddanym zespo\u0142em, kt\u00f3ry pomo\u017ce Ci w ka\u017cdej chwili.<\/span><\/li>\n<li style=\"font-weight: 400;\" aria-level=\"1\"><b>\u0141atwo\u015b\u0107 i technologia:<\/b><span style=\"font-weight: 400;\"> szybko wynajmuj, zarz\u0105dzaj i odnawiaj swoje ubezpieczenie z naszej platformy cyfrowej.<\/span><\/li>\n<\/ul>\n<p>[\/et_pb_text][\/et_pb_column][\/et_pb_row][et_pb_row _builder_version=&#8221;4.27.2&#8243; _module_preset=&#8221;default&#8221; global_colors_info=&#8221;{}&#8221;][et_pb_column type=&#8221;4_4&#8243; _builder_version=&#8221;4.27.2&#8243; _module_preset=&#8221;default&#8221; global_colors_info=&#8221;{}&#8221;][et_pb_text _builder_version=&#8221;4.27.2&#8243; _module_preset=&#8221;default&#8221; global_colors_info=&#8221;{}&#8221;]<\/p>\n<p><b>Popro\u015b o spersonalizowan\u0105 wycen\u0119<\/b><\/p>\n<p><span style=\"font-weight: 400;\">Nasz proces jest szybki i prosty. Wype\u0142nij formularz online lub skontaktuj si\u0119 z jednym z naszych doradc\u00f3w, aby uzyska\u0107 niezobowi\u0105zuj\u0105c\u0105 wycen\u0119. W <\/span><i><span style=\"font-weight: 400;\">Insurance and Saving<\/span><\/i><span style=\"font-weight: 400;\">, dok\u0142adamy wszelkich stara\u0144, aby zapewni\u0107 Ci wszelkie informacje i wsparcie, kt\u00f3rych potrzebujesz, aby podj\u0105\u0107 najlepsz\u0105 decyzj\u0119.<\/span><\/p>\n<p><i><span style=\"font-weight: 400;\">Dzi\u0119ki Ubezpieczeniom i Oszcz\u0119dno\u015bciom spok\u00f3j ducha i ochrona tego, co cenisz najbardziej, s\u0105 zawsze w zasi\u0119gu Twojej r\u0119ki.<\/span><\/i><\/p>\n<p>[\/et_pb_text][\/et_pb_column][\/et_pb_row][\/et_pb_section]<\/p>\n","protected":false},"excerpt":{"rendered":"<p>Ubezpieczenie szyte na miar\u0119 na ka\u017cdym etapie \u017cycia W Insurance and Saving, wierzymy, \u017ce spok\u00f3j ducha jest nieoceniony. Wiemy, \u017ce ochrona tego, co kochasz, od zdrowia i rodziny po dom i projekty, jest niezb\u0119dna do pe\u0142nego \u017cycia. Z tego powodu opracowali\u015bmy pe\u0142n\u0105 gam\u0119 ubezpiecze\u0144, kt\u00f3re zapewni\u0105 Ci niezb\u0119dn\u0105 ochron\u0119 i wsparcie w ka\u017cdej sytuacji. Dzi\u0119ki [&hellip;]<\/p>\n","protected":false},"author":2,"featured_media":0,"parent":0,"menu_order":0,"comment_status":"closed","ping_status":"closed","template":"","meta":{"_et_pb_use_builder":"on","_et_pb_old_content":"","_et_gb_content_width":"","footnotes":""},"class_list":["post-5221","page","type-page","status-publish","hentry"],"_links":{"self":[{"href":"https:\/\/www.insuranceandsaving.com\/pl\/wp-json\/wp\/v2\/pages\/5221","targetHints":{"allow":["GET"]}}],"collection":[{"href":"https:\/\/www.insuranceandsaving.com\/pl\/wp-json\/wp\/v2\/pages"}],"about":[{"href":"https:\/\/www.insuranceandsaving.com\/pl\/wp-json\/wp\/v2\/types\/page"}],"author":[{"embeddable":true,"href":"https:\/\/www.insuranceandsaving.com\/pl\/wp-json\/wp\/v2\/users\/2"}],"replies":[{"embeddable":true,"href":"https:\/\/www.insuranceandsaving.com\/pl\/wp-json\/wp\/v2\/comments?post=5221"}],"version-history":[{"count":7,"href":"https:\/\/www.insuranceandsaving.com\/pl\/wp-json\/wp\/v2\/pages\/5221\/revisions"}],"predecessor-version":[{"id":6009,"href":"https:\/\/www.insuranceandsaving.com\/pl\/wp-json\/wp\/v2\/pages\/5221\/revisions\/6009"}],"wp:attachment":[{"href":"https:\/\/www.insuranceandsaving.com\/pl\/wp-json\/wp\/v2\/media?parent=5221"}],"curies":[{"name":"wp","href":"https:\/\/api.w.org\/{rel}","templated":true}]}}