{"id":3172,"date":"2024-10-30T10:57:57","date_gmt":"2024-10-30T09:57:57","guid":{"rendered":"https:\/\/www.insuranceandsaving.com\/polityka-prywatnosci\/"},"modified":"2024-10-30T10:58:05","modified_gmt":"2024-10-30T09:58:05","slug":"polityka-prywatnosci","status":"publish","type":"page","link":"https:\/\/www.insuranceandsaving.com\/pl\/polityka-prywatnosci\/","title":{"rendered":"Polityka prywatno\u015bci"},"content":{"rendered":"<div class=\"col\"><strong style=\"color: #2f5496;\">INFORMACJE DODATKOWE<\/strong> \u00a0 <strong style=\"color: #2f5496;\">1. Kto jest odpowiedzialny za przetwarzanie danych? <\/strong> ADSALSA S.L.U. Fila Cord\u00f3n 36, Pol\u00edgono Industrial Cotes Altes Alcoy, Alicante, Hiszpania B42599308 Telefon: 965334670 Kontakt z inspektorem ochrony danych: dpo@adsalsa.com \u00a0 <strong style=\"color: #2f5496;\">2. Jaki jest cel przetwarzania danych?<\/strong> Przetwarzamy dane u\u017cytkownik\u00f3w w nast\u0119puj\u0105cych celach:<\/p>\n<ul>\n<li>\u015awiadczenie us\u0142ug informacyjnych dotycz\u0105cych po\u017cyczek, kredyt\u00f3w i\/lub produkt\u00f3w finansowych: informacje mog\u0105 by\u0107 wysy\u0142ane bezpo\u015brednio przez ADSALSA, S.L.U. lub przez jej wsp\u00f3\u0142pracownik\u00f3w zgodnie z danymi wprowadzonymi w formularzu rejestracyjnym przez zainteresowane strony. Informacje b\u0119d\u0105 zawsze dotyczy\u0107 po\u017cyczek, kredyt\u00f3w i\/lub produkt\u00f3w finansowych. Aby informacje o po\u017cyczkach, kredytach i\/lub produktach finansowych mog\u0142y zosta\u0107 wys\u0142ane przez wsp\u00f3\u0142pracownik\u00f3w ADSALSA do zainteresowanej strony, konieczne b\u0119dzie wcze\u015bniejsze przes\u0142anie danych zebranych za po\u015brednictwem formularza rejestracyjnego do wsp\u00f3\u0142pracownika za po\u015brednictwem API, aby m\u00f3g\u0142 on oceni\u0107 profil zainteresowanej strony i zdecydowa\u0107, czy kt\u00f3rykolwiek z oferowanych przez niego produkt\u00f3w finansowych odpowiada potrzebom zainteresowanej strony.<\/li>\n<li>Profilowanie w celu podj\u0119cia decyzji, jakie informacje o kredytach, po\u017cyczkach lub us\u0142ugach finansowych przes\u0142a\u0107 zainteresowanej stronie: Bior\u0105c pod uwag\u0119 wy\u0142\u0105cznie dane podane przez zainteresowane strony w formularzu rejestracyjnym, czasami kampanie reklamowe s\u0105 segmentowane wy\u0142\u0105cznie w celu zwi\u0119kszenia sukcesu kampanii (np. wysy\u0142anie informacji o po\u017cyczce spe\u0142niaj\u0105cej parametr ASNEF tak lub nie). W przypadku tego rodzaju segmentacji poziom ingerencji w sfer\u0119 prywatn\u0105 zainteresowanej strony jest minimalny, poniewa\u017c posiadamy tylko te dane, kt\u00f3re sama zainteresowana strona poda\u0142a podczas rejestracji, w \u017cadnym wypadku nie \u015bledz\u0105c os\u00f3b za po\u015brednictwem r\u00f3\u017cnych stron internetowych, urz\u0105dze\u0144 i \/ lub us\u0142ug.<\/li>\n<li>Je\u015bli u\u017cytkownik wyrazi na to zgod\u0119, przeka\u017cemy jego dane firmom lub podmiotom zewn\u0119trznym w celach reklamowych\/marketingowych i\/lub bada\u0144 rynkowych nale\u017c\u0105cych do r\u00f3\u017cnych sektor\u00f3w dzia\u0142alno\u015bci. Z sektorami dzia\u0142alno\u015bci, do kt\u00f3rych nale\u017c\u0105 firmy, kt\u00f3rym mo\u017cemy ujawni\u0107 dane u\u017cytkownika, mo\u017cna zapozna\u0107 si\u0119 w punkcie 5 niniejszego dokumentu.<\/li>\n<\/ul>\n<p>\u00a0 <strong style=\"color: #2f5496;\">3. Jak d\u0142ugo b\u0119dziemy przechowywa\u0107 dane u\u017cytkownika?<\/strong> B\u0119dziemy przechowywa\u0107 dane przez nast\u0119puj\u0105ce okresy:<\/p>\n<ul>\n<li>\u015awiadczenie us\u0142ug informacyjnych dotycz\u0105cych po\u017cyczek, kredyt\u00f3w i\/lub produkt\u00f3w finansowych: Bezterminowo, dop\u00f3ki osoba, kt\u00f3rej dane dotycz\u0105, nie skorzysta z prawa do sprzeciwu i\/lub usuni\u0119cia danych.<\/li>\n<li>Tworzenie profili w celu decydowania o tym, jakie informacje o kredytach, po\u017cyczkach lub us\u0142ugach finansowych nale\u017cy przes\u0142a\u0107 osobie, kt\u00f3rej dane dotycz\u0105: Bezterminowo, dop\u00f3ki osoba, kt\u00f3rej dane dotycz\u0105, nie skorzysta z prawa do sprzeciwu i\/lub zaprzestania przetwarzania danych.<\/li>\n<li>Przekazywanie danych firmom\/podmiotom zewn\u0119trznym w celach reklamowych\/marketingowych i\/lub bada\u0144 rynkowych: 5 lat.<\/li>\n<\/ul>\n<p>\u00a0 <strong style=\"color: #2f5496;\">4. Jaka jest podstawa przetwarzania danych osobowych?<\/strong><\/p>\n<ul>\n<li>\u015awiadczenie us\u0142ug informacyjnych dotycz\u0105cych po\u017cyczek, kredyt\u00f3w i\/lub produkt\u00f3w finansowych: Zawarcie umowy lub zastosowanie \u015brodk\u00f3w przedumownych, Gromadzone dane to: Imi\u0119, nazwisko, telefon, e-mail, kod pocztowy, wnioskowana kwota, miesi\u0119czny doch\u00f3d, cel, jak d\u0142ugo chcesz j\u0105 sp\u0142aca\u0107, status zatrudnienia, numer dowodu osobistego, ASNEF (tak lub nie), czy posiadasz pojazd oraz wiek pojazdu, je\u015bli dotyczy.<\/li>\n<li>Tworzenie profili, aby m\u00f3c zdecydowa\u0107, jakie informacje o kredytach, po\u017cyczkach lub us\u0142ugach finansowych przes\u0142a\u0107 zainteresowanej stronie: Zaspokojenie uzasadnionego interesu.<\/li>\n<li>Przekazywanie danych firmom\/podmiotom zewn\u0119trznym w celach reklamowych\/marketingowych i\/lub bada\u0144 rynkowych: Zgoda osoby, kt\u00f3rej dane dotycz\u0105.<\/li>\n<\/ul>\n<p>\u00a0 <strong style=\"color: #2f5496;\">5. Komu b\u0119d\u0105 przekazywane dane u\u017cytkownika?<\/strong> Jak ju\u017c wskazali\u015bmy powy\u017cej, dane identyfikacyjne i profilowe u\u017cytkownika b\u0119d\u0105 przekazywane firmom wsp\u00f3\u0142pracuj\u0105cym z ADSALSA, aby mog\u0142y one, w oparciu o dane wprowadzone przez u\u017cytkownika w formularzu rejestracyjnym, oferowa\u0107 u\u017cytkownikowi informacje o produktach, kt\u00f3re najlepiej odpowiadaj\u0105 jego potrzebom. Ponadto, i tylko w przypadku, gdy u\u017cytkownik wyrazi na to zgod\u0119, jego dane identyfikacyjne mog\u0105 by\u0107 r\u00f3wnie\u017c przekazywane firmom, organizacjom i\/lub podmiotom zainteresowanym kierowaniem do niego dzia\u0142a\u0144 reklamowych w sektorach dzia\u0142alno\u015bci wskazanych poni\u017cej lub w celu przeprowadzenia bada\u0144 rynkowych. Wi\u0105\u017ce si\u0119 to z konieczno\u015bci\u0105 poddania danych osobowych u\u017cytkownika operacjom standaryzacji, deduplikacji, filtrowania i weryfikacji. Reklamy b\u0119d\u0105 wysy\u0142ane przez te osoby trzecie.   Sektory dzia\u0142alno\u015bci, do kt\u00f3rych mog\u0105 nale\u017ce\u0107 strony trzecie, kt\u00f3rym mog\u0105 by\u0107 przekazywane dane, s\u0105 nast\u0119puj\u0105ce:   \u00a0<\/p>\n<ul>\n<li>Telekomunikacja: Produkty i us\u0142ugi telekomunikacyjne i technologiczne.<\/li>\n<li>Finansowe: \u015bwiadczone przez instytucje finansowe, ubezpieczeniowe i zabezpieczenia spo\u0142ecznego. Po\u015brednictwo finansowe i po\u015brednictwo ubezpieczeniowe.<\/li>\n<li>Wypoczynek: Wydawnictwa, turystyka, sport, kolekcjonerstwo, fotografia, hobby, zabawki, transport, ogrodnictwo, hobby, loterie, kluby loteryjne, komunikacja i rozrywka. Wizjonerstwo.<\/li>\n<li>Dobra konsumpcyjne: Elektronika, Komputery, Tekstylia, Obraz i d\u017awi\u0119k, Akcesoria, Dom, Bazar, Higiena osobista (Kosmetyki, Perfumeria, Parafarmaceutyki, Farmaceutyczne specja\u0142y reklamowe), Meble, \u017bywno\u015b\u0107 i napoje, Przybory kuchenne. Moda i dekoracja.<\/li>\n<li>Optyka i optometria.<\/li>\n<li>Motoryzacja: Produkty i us\u0142ugi zwi\u0105zane z samochodami, motocyklami, ci\u0119\u017car\u00f3wkami.<\/li>\n<li>Propaganda wyborcza.<\/li>\n<li>Edukacja.<\/li>\n<li>Energia i woda: Produkty zwi\u0105zane z energi\u0105 elektryczn\u0105, w\u0119glowodorami, gazem i wod\u0105.<\/li>\n<li>NGO: Produkty i us\u0142ugi zwi\u0105zane z organizacjami pozarz\u0105dowymi.<\/li>\n<li>Firmy marketingowe\/centra obs\u0142ugi telefonicznej.<\/li>\n<li>Doradztwo techniczne\/prawne: Administracyjne i profesjonalne us\u0142ugi prawne, doradztwo podatkowe, ksi\u0119gowe, pracownicze, cywilne i handlowe oraz audyt.<\/li>\n<\/ul>\n<p>\u00a0   Dzia\u0142ania reklamowe mog\u0105 by\u0107 prowadzone za po\u015brednictwem nast\u0119puj\u0105cych kana\u0142\u00f3w:<\/p>\n<ul>\n<li>e-mail,<\/li>\n<li>przesy\u0142ki pocztowe,<\/li>\n<li>po\u0142\u0105czenia telefoniczne na telefony stacjonarne lub kom\u00f3rkowe,<\/li>\n<li>wysy\u0142anie wiadomo\u015bci SMS i\/lub MMS,<\/li>\n<li>wieloplatformowe us\u0142ugi przesy\u0142ania wiadomo\u015bci, czat<\/li>\n<li>automatyczne po\u0142\u0105czenia bez interwencji cz\u0142owieka,<\/li>\n<li>powiadomienia push,<\/li>\n<li>lub jakikolwiek inny rodzaj analogicznej komunikacji,<\/li>\n<\/ul>\n<p>\u00a0 <strong style=\"color: #2f5496;\">6. Przekazy mi\u0119dzynarodowe.<\/strong> \u00a0 Platforma technologiczna, z kt\u00f3rej korzystamy do wysy\u0142ania komunikacji drog\u0105 elektroniczn\u0105, znajduje si\u0119 w kraju poza Europejskim Obszarem Gospodarczym i przestrzegane s\u0105 wszystkie wymogi prawne dotycz\u0105ce zawierania um\u00f3w z t\u0105 platform\u0105. \u00a0 <strong style=\"color: #2f5496;\">7. Jakie prawa przys\u0142uguj\u0105 u\u017cytkownikowi, gdy przekazuje nam swoje dane i jak mo\u017ce z nich skorzysta\u0107?<\/strong> \u00a0 U\u017cytkownik ma prawo do:<\/p>\n<ul>\n<li>Dost\u0119pu do swoich danych osobowych.<\/li>\n<li>\u017b\u0105dania ich sprostowania.<\/li>\n<li>\u017b\u0105dania ich usuni\u0119cia.<\/li>\n<li>Sprzeciwi\u0107 si\u0119 ich przetwarzaniu.<\/li>\n<li>\u017b\u0105dania ograniczenia ich przetwarzania.<\/li>\n<li>Przenoszenie danych osobowych.<\/li>\n<\/ul>\n<p>\u00a0  U\u017cytkownik mo\u017ce skorzysta\u0107 ze swoich praw, pisz\u0105c na adres ADSALSA S.L.U., Fila Cord\u00f3n 36, Pol\u00edgono Industrial Cotes Altes, 03804, Alcoy, Alicante, Hiszpania lub na adres e-mail <a href=\"#\">#<\/a> \u00a0 \u017b\u0105danie musi zawiera\u0107 dat\u0119, imi\u0119 i nazwisko, \u017c\u0105danie, w kt\u00f3rym jest sk\u0142adane, oraz adres do cel\u00f3w powiadomie\u0144. Je\u015bli u\u017cytkownik uzna, \u017ce jego wniosek nie zosta\u0142 prawid\u0142owo rozpatrzony, mo\u017ce zwr\u00f3ci\u0107 si\u0119 do Hiszpa\u0144skiej Agencji Ochrony Danych, kt\u00f3rej dane mo\u017cna znale\u017a\u0107 na stronie www.aepd.es.<\/div>\n","protected":false},"excerpt":{"rendered":"<p>INFORMACJE DODATKOWE \u00a0 1. Kto jest odpowiedzialny za przetwarzanie danych? ADSALSA S.L.U. Fila Cord\u00f3n 36, Pol\u00edgono Industrial Cotes Altes Alcoy, Alicante, Hiszpania B42599308 Telefon: 965334670 Kontakt z inspektorem ochrony danych: dpo@adsalsa.com \u00a0 2. Jaki jest cel przetwarzania danych? Przetwarzamy dane u\u017cytkownik\u00f3w w nast\u0119puj\u0105cych celach: \u015awiadczenie us\u0142ug informacyjnych dotycz\u0105cych po\u017cyczek, kredyt\u00f3w i\/lub produkt\u00f3w finansowych: informacje mog\u0105 [&hellip;]<\/p>\n","protected":false},"author":1,"featured_media":0,"parent":0,"menu_order":0,"comment_status":"closed","ping_status":"closed","template":"","meta":{"_et_pb_use_builder":"","_et_pb_old_content":"","_et_gb_content_width":"","footnotes":""},"class_list":["post-3172","page","type-page","status-publish","hentry"],"_links":{"self":[{"href":"https:\/\/www.insuranceandsaving.com\/pl\/wp-json\/wp\/v2\/pages\/3172","targetHints":{"allow":["GET"]}}],"collection":[{"href":"https:\/\/www.insuranceandsaving.com\/pl\/wp-json\/wp\/v2\/pages"}],"about":[{"href":"https:\/\/www.insuranceandsaving.com\/pl\/wp-json\/wp\/v2\/types\/page"}],"author":[{"embeddable":true,"href":"https:\/\/www.insuranceandsaving.com\/pl\/wp-json\/wp\/v2\/users\/1"}],"replies":[{"embeddable":true,"href":"https:\/\/www.insuranceandsaving.com\/pl\/wp-json\/wp\/v2\/comments?post=3172"}],"version-history":[{"count":1,"href":"https:\/\/www.insuranceandsaving.com\/pl\/wp-json\/wp\/v2\/pages\/3172\/revisions"}],"predecessor-version":[{"id":3173,"href":"https:\/\/www.insuranceandsaving.com\/pl\/wp-json\/wp\/v2\/pages\/3172\/revisions\/3173"}],"wp:attachment":[{"href":"https:\/\/www.insuranceandsaving.com\/pl\/wp-json\/wp\/v2\/media?parent=3172"}],"curies":[{"name":"wp","href":"https:\/\/api.w.org\/{rel}","templated":true}]}}