{"id":3157,"date":"2024-10-29T16:47:38","date_gmt":"2024-10-29T15:47:38","guid":{"rendered":"https:\/\/www.insuranceandsaving.com\/pliki-cookie\/"},"modified":"2024-10-29T16:47:40","modified_gmt":"2024-10-29T15:47:40","slug":"pliki-cookie","status":"publish","type":"page","link":"https:\/\/www.insuranceandsaving.com\/pl\/pliki-cookie\/","title":{"rendered":"Pliki cookie"},"content":{"rendered":"<p>CZYM S\u0104 PLIKI COOKIE? Plik cookie to plik, kt\u00f3ry jest pobierany na komputer u\u017cytkownika podczas uzyskiwania dost\u0119pu do niekt\u00f3rych witryn internetowych. Pliki cookie umo\u017cliwiaj\u0105 stronie internetowej, mi\u0119dzy innymi, przechowywanie i pobieranie informacji o nawykach przegl\u0105dania u\u017cytkownika lub jego komputera oraz, w zale\u017cno\u015bci od zawartych w nich informacji i sposobu korzystania z komputera, mog\u0105 by\u0107 wykorzystywane do rozpoznawania u\u017cytkownika. Pliki cookie, kt\u00f3rych u\u017cywamy, s\u0105 nast\u0119puj\u0105ce: W\u0142asne pliki cookie: S\u0105 to pliki wysy\u0142ane do urz\u0105dzenia ko\u0144cowego u\u017cytkownika z komputera lub domeny zarz\u0105dzanej przez sam edytor, z kt\u00f3rego \u015bwiadczona jest us\u0142uga \u017c\u0105dana przez u\u017cytkownika. Pliki cookie stron trzecich: S\u0105 to pliki wysy\u0142ane do urz\u0105dzenia ko\u0144cowego u\u017cytkownika z komputera lub domeny, kt\u00f3ra nie jest zarz\u0105dzana przez redaktora, ale przez inny podmiot, kt\u00f3ry przetwarza dane uzyskane za po\u015brednictwem plik\u00f3w cookie. Sesyjne pliki cookie: S\u0105 to pliki cookie przeznaczone do gromadzenia i przechowywania danych, gdy u\u017cytkownik uzyskuje dost\u0119p do strony internetowej. Trwa\u0142e pliki cookie: Jest to rodzaj plik\u00f3w cookie, w kt\u00f3rych dane pozostaj\u0105 przechowywane w terminalu i mog\u0105 by\u0107 dost\u0119pne i przetwarzane przez okres okre\u015blony przez stron\u0119 odpowiedzialn\u0105 za plik cookie, kt\u00f3ry mo\u017ce wynosi\u0107 od kilku minut do kilku lat. Techniczne pliki cookie: S\u0105 to pliki, kt\u00f3re umo\u017cliwiaj\u0105 u\u017cytkownikowi poruszanie si\u0119 po stronie internetowej, platformie lub aplikacji oraz korzystanie z r\u00f3\u017cnych opcji lub us\u0142ug, takich jak na przyk\u0142ad kontrola ruchu i transmisji danych, identyfikacja sesji, dost\u0119p do cz\u0119\u015bci o ograniczonym dost\u0119pie, zapami\u0119tywanie element\u00f3w sk\u0142adaj\u0105cych si\u0119 na zam\u00f3wienie, dokonywanie procesu zakupu zam\u00f3wienia, sk\u0142adanie wniosku o rejestracj\u0119 lub udzia\u0142 w wydarzeniu, korzystanie z funkcji bezpiecze\u0144stwa podczas przegl\u0105dania, przechowywanie tre\u015bci do transmisji wideo lub d\u017awi\u0119ku lub udost\u0119pnianie tre\u015bci za po\u015brednictwem sieci spo\u0142eczno\u015bciowych. Personalizacyjne pliki cookie: Te pliki cookie umo\u017cliwiaj\u0105 u\u017cytkownikowi dost\u0119p do us\u0142ugi z pewnymi predefiniowanymi og\u00f3lnymi cechami w zale\u017cno\u015bci od szeregu kryteri\u00f3w w terminalu u\u017cytkownika, takich jak j\u0119zyk, typ przegl\u0105darki u\u017cywanej do uzyskania dost\u0119pu do us\u0142ugi, konfiguracja regionalna, z kt\u00f3rej uzyskuje si\u0119 dost\u0119p do us\u0142ugi itp. Analityczne pliki cookie: Te pliki cookie umo\u017cliwiaj\u0105 podmiotowi za nie odpowiedzialnemu monitorowanie i analizowanie zachowa\u0144 u\u017cytkownik\u00f3w stron internetowych, z kt\u00f3rymi s\u0105 powi\u0105zane. Informacje zebrane za pomoc\u0105 tego typu plik\u00f3w cookie s\u0105 wykorzystywane do pomiaru aktywno\u015bci stron internetowych, aplikacji lub platform oraz do opracowywania profili przegl\u0105dania u\u017cytkownik\u00f3w tych stron, aplikacji i platform w celu wprowadzenia ulepsze\u0144 opartych na analizie danych dotycz\u0105cych korzystania z us\u0142ugi przez u\u017cytkownik\u00f3w.Reklamowe pliki cookie: S\u0105 to pliki, kt\u00f3re umo\u017cliwiaj\u0105 zarz\u0105dzanie, w mo\u017cliwie najbardziej efektywny spos\u00f3b, przestrzeniami reklamowymi, kt\u00f3re, w stosownych przypadkach, redaktor umie\u015bci\u0142 na stronie internetowej, aplikacji lub platformie, z kt\u00f3rej \u015bwiadczona jest \u017c\u0105dana us\u0142uga, w oparciu o kryteria takie jak edytowana tre\u015b\u0107 lub cz\u0119stotliwo\u015b\u0107 wy\u015bwietlania reklam. Pliki cookie dotycz\u0105ce reklamy behawioralnej: Te pliki cookie umo\u017cliwiaj\u0105 zarz\u0105dzanie, w mo\u017cliwie najbardziej efektywny spos\u00f3b, przestrzeniami reklamowymi, kt\u00f3re, w stosownych przypadkach, wydawca umie\u015bci\u0142 na stronie internetowej, aplikacji lub platformie, z kt\u00f3rej \u015bwiadczona jest \u017c\u0105dana us\u0142uga. Te pliki cookie przechowuj\u0105 informacje o zachowaniu u\u017cytkownik\u00f3w uzyskane poprzez ci\u0105g\u0142\u0105 obserwacj\u0119 ich nawyk\u00f3w przegl\u0105dania, co pozwala na opracowanie konkretnego profilu w celu wy\u015bwietlania reklam opartych na tym samym. W szczeg\u00f3lno\u015bci pliki cookie u\u017cywane na tej stronie to:<\/p>\n<table class=\"cookies\" border=\"1\" width=\"100%\">\n<tbody>\n<tr>\n<td style=\"text-align: center;\" colspan=\"4\">W\u0141ASNE CIASTECZKA<\/td>\n<\/tr>\n<tr>\n<td style=\"text-align: center;\" width=\"97\">Domena, w kt\u00f3rej wy\u015bwietlany jest plik cookie<\/td>\n<td style=\"text-align: center;\" width=\"149\">Nazwa<\/td>\n<td style=\"text-align: center;\" width=\"114\">Cel<\/td>\n<td style=\"text-align: center;\" width=\"119\">Wi\u0119cej informacji<\/td>\n<\/tr>\n<tr>\n<td style=\"text-align: left;\" width=\"97\">#<\/td>\n<td style=\"text-align: left;\" width=\"149\">wpml_browser_redirect_test, _icl_visitor_lang_js<\/td>\n<td style=\"text-align: left;\" width=\"114\">S\u0142u\u017c\u0105 one do wykrywania i zapisywania konfiguracji j\u0119zykowej.<\/td>\n<td style=\"text-align: center;\" width=\"119\">\u00a0<\/td>\n<\/tr>\n<tr>\n<td rowspan=\"9\" width=\"97\">#<\/td>\n<td width=\"149\">wpca_cc, wpca_consent<\/td>\n<td width=\"114\">S\u0142u\u017c\u0105 one do zapisywania ustawie\u0144 plik\u00f3w cookies wybranych przez u\u017cytkownika<\/td>\n<td width=\"119\">\u00a0<\/td>\n<\/tr>\n<\/tbody>\n<\/table>\n<p>&nbsp;<\/p>\n<table class=\"cookies\" border=\"1\" width=\"100%\">\n<tbody>\n<tr>\n<td style=\"text-align: center;\" colspan=\"4\">PLIKI COOKIES STRON TRZECICH<\/td>\n<\/tr>\n<tr>\n<td style=\"text-align: center;\" width=\"97\">Domena, pod kt\u00f3r\u0105 pojawia si\u0119 plik cookie<\/td>\n<td style=\"text-align: center;\" width=\"149\">Nazwa<\/td>\n<td style=\"text-align: center;\" width=\"114\">Cel<\/td>\n<td style=\"text-align: center;\" width=\"119\">Wi\u0119cej informacji<\/td>\n<\/tr>\n<tr>\n<td style=\"text-align: center;\" width=\"97\">\u00a0<\/td>\n<td>\u00a0<\/td>\n<td width=\"114\">\u00a0<\/td>\n<td style=\"text-align: center;\" width=\"119\">\u00a0<\/td>\n<\/tr>\n<tr>\n<td>\u00a0<\/td>\n<td>\u00a0<\/td>\n<td>\u00a0<\/td>\n<td>\u00a0<\/td>\n<\/tr>\n<\/tbody>\n<\/table>\n<p>W ka\u017cdej chwili mo\u017cesz zezwoli\u0107, zablokowa\u0107 lub usun\u0105\u0107 pliki cookie zainstalowane na Twoim komputerze, konfiguruj\u0105c opcje zainstalowanej przegl\u0105darki: Google Chrome: Jak zarz\u0105dza\u0107 plikami cookie i danymi witryn. Firefox: W\u0142\u0105cz i wy\u0142\u0105cz pliki cookie u\u017cywane przez witryny internetowe do \u015bledzenia Twoich preferencji. Internet Explorer: Blokuj lub zezwalaj na pliki cookie. Safari: przegl\u0105daj Internet. Sekcja Chro\u0144 dane osobowe (na dole strony).<\/p>\n","protected":false},"excerpt":{"rendered":"<p>CZYM S\u0104 PLIKI COOKIE? Plik cookie to plik, kt\u00f3ry jest pobierany na komputer u\u017cytkownika podczas uzyskiwania dost\u0119pu do niekt\u00f3rych witryn internetowych. Pliki cookie umo\u017cliwiaj\u0105 stronie internetowej, mi\u0119dzy innymi, przechowywanie i pobieranie informacji o nawykach przegl\u0105dania u\u017cytkownika lub jego komputera oraz, w zale\u017cno\u015bci od zawartych w nich informacji i sposobu korzystania z komputera, mog\u0105 by\u0107 wykorzystywane [&hellip;]<\/p>\n","protected":false},"author":1,"featured_media":0,"parent":0,"menu_order":0,"comment_status":"closed","ping_status":"closed","template":"","meta":{"_et_pb_use_builder":"","_et_pb_old_content":"","_et_gb_content_width":"","footnotes":""},"class_list":["post-3157","page","type-page","status-publish","hentry"],"_links":{"self":[{"href":"https:\/\/www.insuranceandsaving.com\/pl\/wp-json\/wp\/v2\/pages\/3157","targetHints":{"allow":["GET"]}}],"collection":[{"href":"https:\/\/www.insuranceandsaving.com\/pl\/wp-json\/wp\/v2\/pages"}],"about":[{"href":"https:\/\/www.insuranceandsaving.com\/pl\/wp-json\/wp\/v2\/types\/page"}],"author":[{"embeddable":true,"href":"https:\/\/www.insuranceandsaving.com\/pl\/wp-json\/wp\/v2\/users\/1"}],"replies":[{"embeddable":true,"href":"https:\/\/www.insuranceandsaving.com\/pl\/wp-json\/wp\/v2\/comments?post=3157"}],"version-history":[{"count":1,"href":"https:\/\/www.insuranceandsaving.com\/pl\/wp-json\/wp\/v2\/pages\/3157\/revisions"}],"predecessor-version":[{"id":3158,"href":"https:\/\/www.insuranceandsaving.com\/pl\/wp-json\/wp\/v2\/pages\/3157\/revisions\/3158"}],"wp:attachment":[{"href":"https:\/\/www.insuranceandsaving.com\/pl\/wp-json\/wp\/v2\/media?parent=3157"}],"curies":[{"name":"wp","href":"https:\/\/api.w.org\/{rel}","templated":true}]}}