{"id":3148,"date":"2024-10-29T16:16:55","date_gmt":"2024-10-29T15:16:55","guid":{"rendered":"https:\/\/www.insuranceandsaving.com\/nota-prawna\/"},"modified":"2024-11-07T15:50:09","modified_gmt":"2024-11-07T14:50:09","slug":"nota-prawna","status":"publish","type":"page","link":"https:\/\/www.insuranceandsaving.com\/pl\/nota-prawna\/","title":{"rendered":"Nota prawna"},"content":{"rendered":"<p>OG\u00d3LNE WARUNKI KORZYSTANIA ZE STRONY INTERNETOWEJ Og\u00f3lne warunki zawarte w niniejszej informacji prawnej reguluj\u0105 dost\u0119p i korzystanie ze strony internetowej, kt\u00f3r\u0105 ADSALSA, S.L.U., co do zasady, udost\u0119pnia u\u017cytkownikom Internetu bezp\u0142atnie, bez uszczerbku dla faktu, \u017ce okoliczno\u015b\u0107 ta mo\u017ce ulec zmianie w przysz\u0142o\u015bci. Dost\u0119p do niej oznacza bezwarunkow\u0105 akceptacj\u0119 niniejszych warunk\u00f3w. Korzystanie z niekt\u00f3rych us\u0142ug oferowanych na tej stronie podlega r\u00f3wnie\u017c szczeg\u00f3lnym warunkom okre\u015blonym w ka\u017cdym przypadku, kt\u00f3re nale\u017cy rozumie\u0107 jako zaakceptowane przez samo korzystanie z takich us\u0142ug. AUTORYZACJA Przegl\u0105danie, drukowanie i cz\u0119\u015bciowe pobieranie zawarto\u015bci strony internetowej jest dozwolone tylko i wy\u0142\u0105cznie, je\u015bli spe\u0142nione s\u0105 nast\u0119puj\u0105ce warunki: 1.\u017ce jest to zgodne z celami strony internetowej. 2.\u017ce odbywa si\u0119 to wy\u0142\u0105cznie w celu uzyskania zawartych w nim informacji do u\u017cytku osobistego i prywatnego. Wykorzystanie do cel\u00f3w komercyjnych lub do dystrybucji, komunikacji publicznej, transformacji lub dekompilacji jest wyra\u017anie zabronione. 3) \u017badna z tre\u015bci zwi\u0105zanych ze stron\u0105 internetow\u0105 nie mo\u017ce by\u0107 w jakikolwiek spos\u00f3b modyfikowana. 4) \u017badna grafika, ikona lub obraz dost\u0119pny na stronie internetowej nie jest u\u017cywany, kopiowany lub rozpowszechniany oddzielnie od reszty obraz\u00f3w, kt\u00f3re mu towarzysz\u0105. Nieautoryzowane wykorzystanie informacji zawartych na stronie internetowej, ich odsprzeda\u017c, a tak\u017ce jakiekolwiek naruszenie praw w\u0142asno\u015bci intelektualnej lub przemys\u0142owej ADSALSA, S.L.U. spowoduje powstanie odpowiedzialno\u015bci prawnej. ODPOWIEDZIALNO\u015a\u0106 &gt; OG\u00d3LNIE Zar\u00f3wno dost\u0119p do strony internetowej, jak i wszelkie niezgodne z przeznaczeniem wykorzystanie zawartych na niej informacji jest wy\u0142\u0105czn\u0105 odpowiedzialno\u015bci\u0105 osoby, kt\u00f3ra uzyskuje do niej dost\u0119p. ADSALSA, S.L.U. zastrzega sobie prawo do wprowadzania, w dowolnym czasie i bez uprzedzenia, modyfikacji i aktualizacji informacji zawartych na stronie internetowej, konfiguracji i prezentacji strony internetowej oraz warunk\u00f3w dost\u0119pu. ADSALSA, S.L.U. nie ponosi odpowiedzialno\u015bci za jakiekolwiek b\u0142\u0119dy bezpiecze\u0144stwa, kt\u00f3re mog\u0105 wyst\u0105pi\u0107 lub za jakiekolwiek szkody, kt\u00f3re mog\u0105 by\u0107 spowodowane w systemie komputerowym u\u017cytkownika (sprz\u0119t i oprogramowanie) lub w plikach lub dokumentach przechowywanych w nim, w wyniku: 1. obecno\u015bci wirusa w komputerze u\u017cytkownika u\u017cywanym do \u0142\u0105czenia si\u0119 z us\u0142ugami i zawarto\u015bci\u0105 strony internetowej; 2. nieprawid\u0142owego dzia\u0142ania przegl\u0105darki; 3. korzystania z nieaktualnych wersji przegl\u0105darki. ADSALSA, S.L.U. u\u017cywa program\u00f3w do wykrywania wirus\u00f3w w celu kontrolowania wszystkich Tre\u015bci wprowadzanych na Stron\u0119. Jednak\u017ce ADSALSA, S.L.U. nie gwarantuje braku wirus\u00f3w lub innych element\u00f3w na Stronie wprowadzonych przez osoby trzecie niezwi\u0105zane z ADSALSA, S.L.U., kt\u00f3re mog\u0105 powodowa\u0107 zmiany w systemach fizycznych lub logicznych U\u017cytkownik\u00f3w lub w dokumentach elektronicznych i plikach przechowywanych w ich systemach. W zwi\u0105zku z tym ADSALSA, S.L.U. w \u017cadnym wypadku nie ponosi odpowiedzialno\u015bci za jakiekolwiek szkody, kt\u00f3re mog\u0105 wynika\u0107 z obecno\u015bci wirus\u00f3w lub innych element\u00f3w, kt\u00f3re mog\u0105 powodowa\u0107 zmiany w systemach fizycznych lub logicznych, dokumentach elektronicznych lub plikach U\u017cytkownik\u00f3w. Podobnie, ADSALSA, S.L.U. stosuje r\u00f3\u017cne \u015brodki w celu ochrony swojej strony internetowej przed atakami komputerowymi ze strony os\u00f3b trzecich. Jednak\u017ce, ADSALSA, S.L.U. nie gwarantuje, \u017ce nieupowa\u017cnione osoby trzecie nie b\u0119d\u0105 mia\u0142y dost\u0119pu do rodzaju korzystania z Witryny przez U\u017cytkownika lub warunk\u00f3w, cech i okoliczno\u015bci, w kt\u00f3rych takie korzystanie ma miejsce. W zwi\u0105zku z tym ADSALSA, S.L.U. w \u017cadnym wypadku nie ponosi odpowiedzialno\u015bci za jakiekolwiek szkody, kt\u00f3re mog\u0105 wynikn\u0105\u0107 z takiego nieautoryzowanego dost\u0119pu. ADSALSA, S.L.U. nie gwarantuje, \u017ce nie wyst\u0105pi\u0105 przerwy lub b\u0142\u0119dy w dost\u0119pie do strony internetowej lub jej zawarto\u015bci, ani \u017ce jest ona aktualna. ADSALSA, S.L.U. wykona, pod warunkiem, \u017ce nie ma przyczyn, kt\u00f3re uniemo\u017cliwiaj\u0105 lub utrudniaj\u0105 wykonanie i jak tylko dowie si\u0119 o b\u0142\u0119dach, roz\u0142\u0105czeniach lub braku aktualizacji tre\u015bci, wszystkie te zadania maj\u0105ce na celu poprawienie b\u0142\u0119d\u00f3w, przywr\u00f3cenie komunikacji i aktualizacj\u0119 tre\u015bci. ADSALSA, S.L.U. zastrzega sobie prawo do przerwania dost\u0119pu do swojej strony internetowej lub jakiejkolwiek jej zawarto\u015bci w dowolnym momencie i bez wcze\u015bniejszego powiadomienia. ADSALSA, S.L.U. nie ponosi \u017cadnej odpowiedzialno\u015bci za tre\u015bci powi\u0105zane ze stron\u0105 internetow\u0105, pod warunkiem, \u017ce nie s\u0105 one z ni\u0105 powi\u0105zane, ani nie gwarantuje braku wirus\u00f3w lub innych element\u00f3w, kt\u00f3re mog\u0105 powodowa\u0107 zmiany w systemie komputerowym (sprz\u0119t i oprogramowanie), w dokumentach lub plikach u\u017cytkownika, z wy\u0142\u0105czeniem jakiejkolwiek odpowiedzialno\u015bci za szkody jakiegokolwiek rodzaju wyrz\u0105dzone u\u017cytkownikowi z tego powodu. W przypadku, gdy jakikolwiek u\u017cytkownik, klient lub osoba trzecia uzna, \u017ce tre\u015bci lub us\u0142ugi \u015bwiadczone przez powi\u0105zane strony s\u0105 nielegalne lub szkodz\u0105 w\u0142asno\u015bci lub prawom u\u017cytkownika, klienta lub osoby trzeciej odpowiedzialnej za odszkodowanie, a w szczeg\u00f3lno\u015bci obejmuj\u0105: 1. dzia\u0142ania lub tre\u015bci, kt\u00f3re mo\u017cna uzna\u0107 za przest\u0119pcze zgodnie z hiszpa\u0144skim prawem karnym. 2. dzia\u0142ania lub tre\u015bci naruszaj\u0105ce prawa w\u0142asno\u015bci intelektualnej lub przemys\u0142owej 3. dzia\u0142ania lub tre\u015bci, kt\u00f3re zagra\u017caj\u0105 porz\u0105dkowi publicznemu, dochodzeniom w sprawach karnych, bezpiecze\u0144stwu publicznemu i obronie narodowej 4. Dzia\u0142ania lub tre\u015bci, kt\u00f3re zagra\u017caj\u0105 ochronie zdrowia publicznego, poszanowaniu godno\u015bci osoby i zasady niedyskryminacji oraz ochronie zdrowia i dzieci. ADSALSA, S.L.U. mo\u017ce powiadomi\u0107 ADSALSA, S.L.U., jednak\u017ce otrzymanie takiego powiadomienia nie stanowi wiedzy dla cel\u00f3w odpowiedzialno\u015bci przewidzianej w art. 17 LSSICE ADSALSA, S.L.U. nie ponosi odpowiedzialno\u015bci za brak u\u017cyteczno\u015bci lub przydatno\u015bci do okre\u015blonego zastosowania niniejszej Strony Internetowej. LSSICE ADSALSA, S.L.U. nie ponosi r\u00f3wnie\u017c odpowiedzialno\u015bci za jakiekolwiek szkody, kt\u00f3re U\u017cytkownik mo\u017ce ponie\u015b\u0107 w wyniku b\u0142\u0119d\u00f3w lub pomini\u0119\u0107 w tre\u015bci niniejszej Witryny, chocia\u017c zobowi\u0105zuje si\u0119 do okresowej weryfikacji i monitorowania tre\u015bci i informacji w niej zawartych. 1. U\u017cytkowanie. ADSALSA, S.L.U. w \u017cadnym wypadku nie ponosi odpowiedzialno\u015bci za korzystanie przez U\u017cytkownik\u00f3w z Witryny lub jej zawarto\u015bci, ani za jakiekolwiek szkody, kt\u00f3re mog\u0105 z tego wynikn\u0105\u0107. 1) \u0141\u0105cza do innych stron internetowych Wszystkie \u0142\u0105cza stron trzecich do Witryny musz\u0105 prowadzi\u0107 do strony g\u0142\u00f3wnej, a \u201eg\u0142\u0119bokie \u0142\u0105cza\u201d, \u201ekadrowanie\u201d i wszelkie inne wykorzystanie zawarto\u015bci Witryny przez nieupowa\u017cnione strony trzecie jest wyra\u017anie zabronione. Za po\u015brednictwem niniejszej Witryny U\u017cytkownik mo\u017ce uzyska\u0107 dost\u0119p do stron internetowych nale\u017c\u0105cych do i\/lub zarz\u0105dzanych przez osoby trzecie. Obecno\u015b\u0107 takich link\u00f3w ma jedynie charakter informacyjny i w \u017cadnym wypadku nie stanowi zaproszenia do zawarcia umowy na produkty lub us\u0142ugi oferowane na docelowej Stronie Internetowej. U\u017cytkownik uzyskuje dost\u0119p do tre\u015bci i warunk\u00f3w korzystania z nich na w\u0142asn\u0105 odpowiedzialno\u015b\u0107. U\u017cytkownik przyjmuje do wiadomo\u015bci i akceptuje, \u017ce ADSALSA, S.L.U. nie ponosi \u017cadnej odpowiedzialno\u015bci, bezpo\u015brednio lub po\u015brednio, za jakiekolwiek szkody spowodowane dost\u0119pem do takich link\u00f3w. W przypadku, gdy ADSALSA, S.L.U. ADSALSA, S.L.U. posiada faktyczn\u0105 wiedz\u0119, \u017ce informacje lub dzia\u0142ania, do kt\u00f3rych odsy\u0142a za po\u015brednictwem wspomnianych link\u00f3w, s\u0105 niezgodne z prawem, stanowi\u0105 przest\u0119pstwo lub mog\u0105 zaszkodzi\u0107 w\u0142asno\u015bci lub prawom osoby trzeciej zobowi\u0105zanej do odszkodowania, podejmie dzia\u0142ania z niezb\u0119dn\u0105 staranno\u015bci\u0105, aby jak najszybciej usun\u0105\u0107 lub wy\u0142\u0105czy\u0107 odpowiedni link W\u0141ASNO\u015a\u0106 PRZEMYS\u0141OWA Korzystanie ze strony internetowej nie przyznaje u\u017cytkownikowi \u017cadnych praw do znak\u00f3w towarowych, nazw handlowych, oznacze\u0144 odr\u00f3\u017cniaj\u0105cych lub wzor\u00f3w jakiegokolwiek rodzaju, kt\u00f3re pojawiaj\u0105 si\u0119 na stronie internetowej. Artyku\u0142y, wiadomo\u015bci, przepisy prawne i inne tre\u015bci publiczne, do kt\u00f3rych prawa w\u0142asno\u015bci intelektualnej nie nale\u017c\u0105 do ADSALSA, S.L.U., s\u0105 publikowane wy\u0142\u0105cznie w celu informowania u\u017cytkownik\u00f3w tej strony internetowej. ADSALSA, S.L.U. jest w\u0142a\u015bcicielem kodu \u017ar\u00f3d\u0142owego, projektu, struktury nawigacji, baz danych i r\u00f3\u017cnych element\u00f3w oprogramowania strony internetowej, a tak\u017ce praw w\u0142asno\u015bci przemys\u0142owej i intelektualnej zwi\u0105zanych z zawartymi w niej tre\u015bciami.<\/p>\n","protected":false},"excerpt":{"rendered":"<p>OG\u00d3LNE WARUNKI KORZYSTANIA ZE STRONY INTERNETOWEJ Og\u00f3lne warunki zawarte w niniejszej informacji prawnej reguluj\u0105 dost\u0119p i korzystanie ze strony internetowej, kt\u00f3r\u0105 ADSALSA, S.L.U., co do zasady, udost\u0119pnia u\u017cytkownikom Internetu bezp\u0142atnie, bez uszczerbku dla faktu, \u017ce okoliczno\u015b\u0107 ta mo\u017ce ulec zmianie w przysz\u0142o\u015bci. Dost\u0119p do niej oznacza bezwarunkow\u0105 akceptacj\u0119 niniejszych warunk\u00f3w. Korzystanie z niekt\u00f3rych us\u0142ug oferowanych [&hellip;]<\/p>\n","protected":false},"author":1,"featured_media":0,"parent":0,"menu_order":0,"comment_status":"closed","ping_status":"closed","template":"","meta":{"_et_pb_use_builder":"","_et_pb_old_content":"","_et_gb_content_width":"","footnotes":""},"class_list":["post-3148","page","type-page","status-publish","hentry"],"_links":{"self":[{"href":"https:\/\/www.insuranceandsaving.com\/pl\/wp-json\/wp\/v2\/pages\/3148","targetHints":{"allow":["GET"]}}],"collection":[{"href":"https:\/\/www.insuranceandsaving.com\/pl\/wp-json\/wp\/v2\/pages"}],"about":[{"href":"https:\/\/www.insuranceandsaving.com\/pl\/wp-json\/wp\/v2\/types\/page"}],"author":[{"embeddable":true,"href":"https:\/\/www.insuranceandsaving.com\/pl\/wp-json\/wp\/v2\/users\/1"}],"replies":[{"embeddable":true,"href":"https:\/\/www.insuranceandsaving.com\/pl\/wp-json\/wp\/v2\/comments?post=3148"}],"version-history":[{"count":1,"href":"https:\/\/www.insuranceandsaving.com\/pl\/wp-json\/wp\/v2\/pages\/3148\/revisions"}],"predecessor-version":[{"id":3149,"href":"https:\/\/www.insuranceandsaving.com\/pl\/wp-json\/wp\/v2\/pages\/3148\/revisions\/3149"}],"wp:attachment":[{"href":"https:\/\/www.insuranceandsaving.com\/pl\/wp-json\/wp\/v2\/media?parent=3148"}],"curies":[{"name":"wp","href":"https:\/\/api.w.org\/{rel}","templated":true}]}}