{"id":5210,"date":"2024-11-07T15:51:07","date_gmt":"2024-11-07T14:51:07","guid":{"rendered":"https:\/\/www.insuranceandsaving.com\/assurance\/"},"modified":"2024-11-25T15:11:23","modified_gmt":"2024-11-25T14:11:23","slug":"assurance","status":"publish","type":"page","link":"https:\/\/www.insuranceandsaving.com\/fr\/assurance\/","title":{"rendered":"Assurance"},"content":{"rendered":"<p>[et_pb_section fb_built=\u00a0\u00bb1&Prime; _builder_version=\u00a0\u00bb4.27.2&Prime; _module_preset=\u00a0\u00bbdefault\u00a0\u00bb global_colors_info=\u00a0\u00bb{}\u00a0\u00bb][et_pb_row _builder_version=\u00a0\u00bb4.27.2&Prime; _module_preset=\u00a0\u00bbdefault\u00a0\u00bb global_colors_info=\u00a0\u00bb{}\u00a0\u00bb][et_pb_column type=\u00a0\u00bb4_4&Prime; _builder_version=\u00a0\u00bb4.27.2&Prime; _module_preset=\u00a0\u00bbdefault\u00a0\u00bb global_colors_info=\u00a0\u00bb{}\u00a0\u00bb][et_pb_text _builder_version=\u00a0\u00bb4.27.2&Prime; _module_preset=\u00a0\u00bbdefault\u00a0\u00bb global_colors_info=\u00a0\u00bb{}\u00a0\u00bb]<\/p>\n<p><b>Une assurance sur mesure pour chaque \u00e9tape de la vie<\/b><\/p>\n<p><span style=\"font-weight: 400;\">Chez <\/span><i><span style=\"font-weight: 400;\">Insurance and Saving<\/span><\/i><span style=\"font-weight: 400;\">, nous pensons que la tranquillit\u00e9 d\u2019esprit est inestimable. Nous savons que prot\u00e9ger ce que vous aimez, de votre sant\u00e9 et de votre famille \u00e0 votre maison et vos projets, est essentiel pour vivre pleinement. C\u2019est pourquoi nous avons con\u00e7u une gamme compl\u00e8te d\u2019assurances qui vous offre la protection et le soutien n\u00e9cessaires dans toutes les situations. Gr\u00e2ce \u00e0 nos politiques, vous pouvez \u00eatre s\u00fbr que vous disposerez du soutien n\u00e9cessaire en cas d&rsquo;\u00e9v\u00e9nement impr\u00e9vu, en comptant toujours sur une attention \u00e9troite et personnalis\u00e9e.<\/span><\/p>\n<p><span style=\"font-weight: 400;\">Notre engagement est de vous accompagner avec des solutions de s\u00e9curit\u00e9 adapt\u00e9es \u00e0 chaque \u00e9tape de votre vie, en vous offrant un excellent service et une couverture adapt\u00e9e \u00e0 vos besoins particuliers. Ci-dessous, nous vous pr\u00e9sentons nos services d\u2019assurance con\u00e7us pour vous offrir la tranquillit\u00e9 d\u2019esprit que vous m\u00e9ritez.<\/span><span style=\"font-weight: 400;\"><\/span><\/p>\n<p>[\/et_pb_text][\/et_pb_column][\/et_pb_row][et_pb_row column_structure=\u00a0\u00bb1_2,1_2&Prime; _builder_version=\u00a0\u00bb4.27.2&Prime; _module_preset=\u00a0\u00bbdefault\u00a0\u00bb global_colors_info=\u00a0\u00bb{}\u00a0\u00bb][et_pb_column type=\u00a0\u00bb1_2&Prime; _builder_version=\u00a0\u00bb4.27.2&Prime; _module_preset=\u00a0\u00bbdefault\u00a0\u00bb global_colors_info=\u00a0\u00bb{}\u00a0\u00bb][et_pb_blurb title=\u00a0\u00bbAssurance maladie\u00a0\u00bb use_icon=\u00a0\u00bbon\u00a0\u00bb font_icon=\u00a0\u00bb&#xf481;||fa||900&Prime; icon_color=\u00a0\u00bb#e03e35&Prime; _builder_version=\u00a0\u00bb4.27.2&Prime; _module_preset=\u00a0\u00bbdefault\u00a0\u00bb global_colors_info=\u00a0\u00bb{}\u00a0\u00bb]<\/p>\n<p>Prendre soin de votre sant\u00e9 et de celle de vos proches est notre priorit\u00e9. Avec notre assurance maladie, vous aurez acc\u00e8s \u00e0 un r\u00e9seau d&rsquo;h\u00f4pitaux et de sp\u00e9cialistes de haut niveau, ainsi qu&rsquo;\u00e0 une couverture des frais m\u00e9dicaux essentiels et plus complexes. Parmi ses avantages, nous vous proposons:<\/p>\n<ul>\n<li>\n<p><span>Consultations m\u00e9dicales et hospitalisation<\/span><\/p>\n<\/li>\n<li>\n<p><span>Traitements sp\u00e9cialis\u00e9s et urgences<\/span><\/p>\n<\/li>\n<li>\n<p><span>Couverture des maladies graves et services pr\u00e9ventifs<\/span><\/p>\n<\/li>\n<li>\n<p><span>Options de remboursement et programmes de bien-\u00eatre<\/span><\/p>\n<\/li>\n<\/ul>\n<p>[\/et_pb_blurb][\/et_pb_column][et_pb_column type=\u00a0\u00bb1_2&Prime; _builder_version=\u00a0\u00bb4.27.2&Prime; _module_preset=\u00a0\u00bbdefault\u00a0\u00bb global_colors_info=\u00a0\u00bb{}\u00a0\u00bb][et_pb_blurb title=\u00a0\u00bbAssurance vie\u00a0\u00bb use_icon=\u00a0\u00bbon\u00a0\u00bb font_icon=\u00a0\u00bb&#xf21e;||fa||900&Prime; icon_color=\u00a0\u00bb#e03e35&Prime; _builder_version=\u00a0\u00bb4.27.2&Prime; _module_preset=\u00a0\u00bbdefault\u00a0\u00bb global_colors_info=\u00a0\u00bb{}\u00a0\u00bb]<\/p>\n<p>L\u2019assurance vie est un investissement dans l\u2019avenir de ceux que vous aimez le plus. Avec nos polices d&rsquo;assurance vie, nous garantissons la s\u00e9curit\u00e9 financi\u00e8re de votre famille et la tranquillit\u00e9 d&rsquo;esprit qu&rsquo;elle sera prot\u00e9g\u00e9e dans les moments difficiles. Nos options incluent:<\/p>\n<ul>\n<li><span>Assurance vie temporaire et permanente<\/span><\/li>\n<li><span>Protection pour le paiement de la dette<\/span><\/li>\n<li><span>Options d&rsquo;\u00e9pargne et de capitalisation<\/span><\/li>\n<li><span>Prestations en cas de maladie terminale ou d&rsquo;invalidit\u00e9<\/span><\/li>\n<\/ul>\n<p>[\/et_pb_blurb][\/et_pb_column][\/et_pb_row][et_pb_row column_structure=\u00a0\u00bb1_2,1_2&Prime; _builder_version=\u00a0\u00bb4.27.2&Prime; _module_preset=\u00a0\u00bbdefault\u00a0\u00bb global_colors_info=\u00a0\u00bb{}\u00a0\u00bb][et_pb_column type=\u00a0\u00bb1_2&Prime; _builder_version=\u00a0\u00bb4.27.2&Prime; _module_preset=\u00a0\u00bbdefault\u00a0\u00bb global_colors_info=\u00a0\u00bb{}\u00a0\u00bb][et_pb_blurb title=\u00a0\u00bbAssurance automobile\u00a0\u00bb use_icon=\u00a0\u00bbon\u00a0\u00bb font_icon=\u00a0\u00bb&#xf5e4;||fa||900&Prime; icon_color=\u00a0\u00bb#e03e35&Prime; _builder_version=\u00a0\u00bb4.27.2&Prime; _module_preset=\u00a0\u00bbdefault\u00a0\u00bb global_colors_info=\u00a0\u00bb{}\u00a0\u00bb]<\/p>\n<p>La tranquillit\u00e9 d\u2019esprit au volant est possible gr\u00e2ce \u00e0 notre assurance automobile, con\u00e7ue pour vous permettre de conduire sans soucis. Couvre tout, des dommages caus\u00e9s par un accident \u00e0 l&rsquo;assistance routi\u00e8re, en offrant:<\/p>\n<ul>\n<li>\n<p><span>Couverture contre les accidents, le vol et les dommages<\/span><\/p>\n<\/li>\n<li>\n<p><span>Assistance routi\u00e8re et juridique 24h\/24<\/span><\/p>\n<\/li>\n<li>\n<p><span>Options de voiture de remplacement<\/span><\/p>\n<\/li>\n<li>\n<p><span>Contrats de couverture compl\u00e8te et partielle<\/span><\/p>\n<\/li>\n<\/ul>\n<p>[\/et_pb_blurb][\/et_pb_column][et_pb_column type=\u00a0\u00bb1_2&Prime; _builder_version=\u00a0\u00bb4.27.2&Prime; _module_preset=\u00a0\u00bbdefault\u00a0\u00bb global_colors_info=\u00a0\u00bb{}\u00a0\u00bb][et_pb_blurb title=\u00a0\u00bbAssurance habitation\u00a0\u00bb use_icon=\u00a0\u00bbon\u00a0\u00bb font_icon=\u00a0\u00bb&#xe074;||divi||400&Prime; icon_color=\u00a0\u00bb#e03e35&Prime; _builder_version=\u00a0\u00bb4.27.2&Prime; _module_preset=\u00a0\u00bbdefault\u00a0\u00bb global_colors_info=\u00a0\u00bb{}\u00a0\u00bb]<\/p>\n<p>Votre maison est votre refuge et la prot\u00e9ger est essentielle. Notre assurance habitation offre une couverture compl\u00e8te contre les principaux risques, prenant soin non seulement de votre maison, mais aussi de vos biens. Parmi les avantages, on distingue les suivants:<\/p>\n<ul>\n<li>\n<p><span>Protection contre les dommages caus\u00e9s par le feu, le vol et les catastrophes naturelles<\/span><\/p>\n<\/li>\n<li>\n<p><span>Couverture des biens et effets personnels<\/span><\/p>\n<\/li>\n<li>\n<p><span>Options de soins \u00e0 domicile<\/span><\/p>\n<\/li>\n<li>\n<p><span>La responsabilit\u00e9 civile pour prot\u00e9ger les tiers<\/span><\/p>\n<\/li>\n<\/ul>\n<p>[\/et_pb_blurb][\/et_pb_column][\/et_pb_row][et_pb_row _builder_version=\u00a0\u00bb4.27.2&Prime; _module_preset=\u00a0\u00bbdefault\u00a0\u00bb global_colors_info=\u00a0\u00bb{}\u00a0\u00bb][et_pb_column type=\u00a0\u00bb4_4&Prime; _builder_version=\u00a0\u00bb4.27.2&Prime; _module_preset=\u00a0\u00bbdefault\u00a0\u00bb global_colors_info=\u00a0\u00bb{}\u00a0\u00bb][et_pb_blurb title=\u00a0\u00bbAssurance pour Entreprises et Entreprises\u00a0\u00bb use_icon=\u00a0\u00bbon\u00a0\u00bb font_icon=\u00a0\u00bb&#xe0f4;||divi||400&Prime; icon_color=\u00a0\u00bb#e03e35&Prime; _builder_version=\u00a0\u00bb4.27.2&Prime; _module_preset=\u00a0\u00bbdefault\u00a0\u00bb global_colors_info=\u00a0\u00bb{}\u00a0\u00bb]<\/p>\n<p>Assurez la croissance et la stabilit\u00e9 de votre entreprise avec une protection compl\u00e8te adapt\u00e9e aux besoins de votre entreprise. Notre couverture commerciale vous accompagne dans des domaines cl\u00e9s tels que:<\/p>\n<ul>\n<li><span>Assurance des biens commerciaux<\/span><\/li>\n<li><span>Protection contre la responsabilit\u00e9 civile et les dommages aux tiers<\/span><\/li>\n<li><span>Couverture des \u00e9quipements et des actifs<\/span><\/li>\n<li><span>Assurance pertes d\u2019exploitation et cybers\u00e9curit\u00e9<\/span><\/li>\n<\/ul>\n<p>[\/et_pb_blurb][\/et_pb_column][\/et_pb_row][et_pb_row _builder_version=\u00a0\u00bb4.27.2&Prime; _module_preset=\u00a0\u00bbdefault\u00a0\u00bb global_colors_info=\u00a0\u00bb{}\u00a0\u00bb][et_pb_column type=\u00a0\u00bb4_4&Prime; _builder_version=\u00a0\u00bb4.27.2&Prime; _module_preset=\u00a0\u00bbdefault\u00a0\u00bb global_colors_info=\u00a0\u00bb{}\u00a0\u00bb][et_pb_text _builder_version=\u00a0\u00bb4.27.2&Prime; _module_preset=\u00a0\u00bbdefault\u00a0\u00bb text_text_color=\u00a0\u00bb#FFFFFF\u00a0\u00bb header_3_text_color=\u00a0\u00bb#FFFFFF\u00a0\u00bb background_color=\u00a0\u00bb#e07570&Prime; custom_padding=\u00a0\u00bb2vw|2vw|2vw|2vw|false|false\u00a0\u00bb global_colors_info=\u00a0\u00bb{}\u00a0\u00bb]<\/p>\n<p><span style=\"font-weight: 400;\"><\/span><\/p>\n<h3><b>Pourquoi choisir <\/b><b><i>Insurance and Saving<\/i><\/b><b>?<\/b><\/h3>\n<ul>\n<li style=\"font-weight: 400;\" aria-level=\"1\"><b>Couverture personnalis\u00e9e:<\/b><span style=\"font-weight: 400;\"> Nous concevons chaque police pour vous convenir, en donnant la priorit\u00e9 \u00e0 ce dont vous avez r\u00e9ellement besoin.<\/span><\/li>\n<li style=\"font-weight: 400;\" aria-level=\"1\"><b>Attention 24h\/24 et 7j\/7:<\/b><span style=\"font-weight: 400;\"> Nous avons \u00e0 c\u0153ur d&rsquo;\u00eatre toujours \u00e0 vos c\u00f4t\u00e9s, avec une assistance rapide et une \u00e9quipe d\u00e9di\u00e9e pour vous aider \u00e0 tout moment.<\/span><\/li>\n<li style=\"font-weight: 400;\" aria-level=\"1\"><b>Facilit\u00e9 et technologie:<\/b><span style=\"font-weight: 400;\"> souscrivez, g\u00e9rez et renouvelez votre assurance rapidement depuis notre plateforme num\u00e9rique.<\/span><\/li>\n<\/ul>\n<p>[\/et_pb_text][\/et_pb_column][\/et_pb_row][et_pb_row _builder_version=\u00a0\u00bb4.27.2&Prime; _module_preset=\u00a0\u00bbdefault\u00a0\u00bb global_colors_info=\u00a0\u00bb{}\u00a0\u00bb][et_pb_column type=\u00a0\u00bb4_4&Prime; _builder_version=\u00a0\u00bb4.27.2&Prime; _module_preset=\u00a0\u00bbdefault\u00a0\u00bb global_colors_info=\u00a0\u00bb{}\u00a0\u00bb][et_pb_text _builder_version=\u00a0\u00bb4.27.2&Prime; _module_preset=\u00a0\u00bbdefault\u00a0\u00bb global_colors_info=\u00a0\u00bb{}\u00a0\u00bb]<\/p>\n<p><b>Demandez votre devis personnalis\u00e9<\/b><\/p>\n<p><span style=\"font-weight: 400;\">Notre processus est rapide et simple. Remplissez le formulaire en ligne ou contactez un de nos conseillers pour un devis sans engagement. Chez <\/span><i><span style=\"font-weight: 400;\">Insurance and Saving<\/span><\/i><span style=\"font-weight: 400;\">, nous nous engageons \u00e0 vous fournir toutes les informations et l\u2019accompagnement dont vous avez besoin pour prendre la meilleure d\u00e9cision.<\/span><\/p>\n<p><i><span style=\"font-weight: 400;\">Avec l\u2019assurance et l\u2019\u00e9pargne, la tranquillit\u00e9 d\u2019esprit et la protection de ce qui vous tient le plus \u00e0 c\u0153ur sont toujours \u00e0 votre port\u00e9e.<\/span><\/i><\/p>\n<p>[\/et_pb_text][\/et_pb_column][\/et_pb_row][\/et_pb_section]<\/p>\n","protected":false},"excerpt":{"rendered":"<p>Une assurance sur mesure pour chaque \u00e9tape de la vie Chez Insurance and Saving, nous pensons que la tranquillit\u00e9 d\u2019esprit est inestimable. Nous savons que prot\u00e9ger ce que vous aimez, de votre sant\u00e9 et de votre famille \u00e0 votre maison et vos projets, est essentiel pour vivre pleinement. C\u2019est pourquoi nous avons con\u00e7u une gamme [&hellip;]<\/p>\n","protected":false},"author":2,"featured_media":0,"parent":0,"menu_order":0,"comment_status":"closed","ping_status":"closed","template":"","meta":{"_et_pb_use_builder":"on","_et_pb_old_content":"","_et_gb_content_width":"","footnotes":""},"class_list":["post-5210","page","type-page","status-publish","hentry"],"_links":{"self":[{"href":"https:\/\/www.insuranceandsaving.com\/fr\/wp-json\/wp\/v2\/pages\/5210","targetHints":{"allow":["GET"]}}],"collection":[{"href":"https:\/\/www.insuranceandsaving.com\/fr\/wp-json\/wp\/v2\/pages"}],"about":[{"href":"https:\/\/www.insuranceandsaving.com\/fr\/wp-json\/wp\/v2\/types\/page"}],"author":[{"embeddable":true,"href":"https:\/\/www.insuranceandsaving.com\/fr\/wp-json\/wp\/v2\/users\/2"}],"replies":[{"embeddable":true,"href":"https:\/\/www.insuranceandsaving.com\/fr\/wp-json\/wp\/v2\/comments?post=5210"}],"version-history":[{"count":7,"href":"https:\/\/www.insuranceandsaving.com\/fr\/wp-json\/wp\/v2\/pages\/5210\/revisions"}],"predecessor-version":[{"id":6008,"href":"https:\/\/www.insuranceandsaving.com\/fr\/wp-json\/wp\/v2\/pages\/5210\/revisions\/6008"}],"wp:attachment":[{"href":"https:\/\/www.insuranceandsaving.com\/fr\/wp-json\/wp\/v2\/media?parent=5210"}],"curies":[{"name":"wp","href":"https:\/\/api.w.org\/{rel}","templated":true}]}}