{"id":3010,"date":"2024-10-29T11:41:55","date_gmt":"2024-10-29T10:41:55","guid":{"rendered":"https:\/\/www.insuranceandsaving.com\/cookies\/"},"modified":"2024-10-29T13:31:10","modified_gmt":"2024-10-29T12:31:10","slug":"cookies","status":"publish","type":"page","link":"https:\/\/www.insuranceandsaving.com\/fr\/cookies\/","title":{"rendered":"Cookies"},"content":{"rendered":"<p>QU&rsquo;EST-CE QUE LES COOKIES ?** Une cookie est un fichier qui se t\u00e9l\u00e9charge sur votre ordinateur lorsque vous acc\u00e9dez \u00e0 certaines pages web. Les cookies permettent \u00e0 une page web, entre autres, de stocker et de r\u00e9cup\u00e9rer des informations sur les habitudes de navigation d&rsquo;un utilisateur ou de son \u00e9quipement et, en fonction des informations qu&rsquo;ils contiennent et de la mani\u00e8re dont vous utilisez votre \u00e9quipement, ils peuvent \u00eatre utilis\u00e9s pour reconna\u00eetre l&rsquo;utilisateur.<br \/>\nLes Cookies que nous utilisons sont les suivantes :<br \/>\nCookies propres : Ce sont ceux qui sont envoy\u00e9s \u00e0 l&rsquo;\u00e9quipement terminal de l&rsquo;utilisateur depuis un \u00e9quipement ou un domaine g\u00e9r\u00e9 par l&rsquo;\u00e9diteur lui-m\u00eame et \u00e0 partir duquel le service demand\u00e9 par l&rsquo;utilisateur est fourni.<br \/>\nCookies tiers : Ce sont ceux qui sont envoy\u00e9s \u00e0 l&rsquo;\u00e9quipement terminal de l&rsquo;utilisateur depuis un \u00e9quipement ou un domaine qui n&rsquo;est pas g\u00e9r\u00e9 par l&rsquo;\u00e9diteur, mais par une autre entit\u00e9 qui traite les donn\u00e9es obtenues par le biais des cookies.<br \/>\nCookies de session : Ce sont un type de cookies con\u00e7us pour recueillir et stocker des donn\u00e9es pendant que l&rsquo;utilisateur acc\u00e8de \u00e0 une page web.<br \/>\nCookies persistants : Ce sont des cookies dans lesquels les donn\u00e9es restent stock\u00e9es dans le terminal et peuvent \u00eatre accessibles et trait\u00e9es pendant une p\u00e9riode d\u00e9finie par le responsable du cookie, et qui peut varier de quelques minutes \u00e0 plusieurs ann\u00e9es.<br \/>\nCookies techniques : Ce sont ceux qui permettent \u00e0 l&rsquo;utilisateur de naviguer sur une page web, une plateforme ou une application et d&rsquo;utiliser les diff\u00e9rentes options ou services qui y existent comme, par exemple, contr\u00f4ler le trafic et la communication de donn\u00e9es, identifier la session, acc\u00e9der aux parties \u00e0 acc\u00e8s restreint, m\u00e9moriser les \u00e9l\u00e9ments d&rsquo;une commande, r\u00e9aliser le processus d&rsquo;achat d&rsquo;une commande, effectuer une demande d&rsquo;inscription ou de participation \u00e0 un \u00e9v\u00e9nement, utiliser des \u00e9l\u00e9ments de s\u00e9curit\u00e9 pendant la navigation, stocker des contenus pour la diffusion de vid\u00e9os ou de sons ou partager des contenus via les r\u00e9seaux sociaux.<br \/>\nCookies de personnalisation : Ce sont ceux qui permettent \u00e0 l&rsquo;utilisateur d&rsquo;acc\u00e9der au service avec certaines caract\u00e9ristiques g\u00e9n\u00e9rales pr\u00e9d\u00e9finies en fonction d&rsquo;une s\u00e9rie de crit\u00e8res dans le terminal de l&rsquo;utilisateur comme, par exemple, la langue, le type de navigateur par lequel il acc\u00e8de au service, la configuration r\u00e9gionale d&rsquo;o\u00f9 il acc\u00e8de au service, etc.<br \/>\nCookies d&rsquo;analyse : Ce sont ceux qui permettent au responsable de celles-ci de suivre et d&rsquo;analyser le comportement des utilisateurs des sites web auxquels ils sont li\u00e9s. Les informations recueillies par ce type de cookies sont utilis\u00e9es pour mesurer l&rsquo;activit\u00e9 des sites web, applications ou plateformes et pour \u00e9tablir des profils de navigation des utilisateurs de ces sites, applications et plateformes, dans le but d&rsquo;introduire des am\u00e9liorations en fonction de l&rsquo;analyse des donn\u00e9es d&rsquo;usage faites par les utilisateurs du service.<br \/>\nCookies publicitaires : Ce sont ceux qui permettent de g\u00e9rer, de la mani\u00e8re la plus efficace possible, les espaces publicitaires que l&rsquo;\u00e9diteur a \u00e9ventuellement inclus dans une page web, une application ou une plateforme \u00e0 partir de laquelle il fournit le service demand\u00e9, en fonction de crit\u00e8res tels que le contenu \u00e9dit\u00e9 ou la fr\u00e9quence d&rsquo;affichage des annonces.<br \/>\nCookies de publicit\u00e9 comportementale : Ce sont ceux qui permettent de g\u00e9rer, de la mani\u00e8re la plus efficace possible, les espaces publicitaires que l&rsquo;\u00e9diteur a \u00e9ventuellement inclus dans une page web, une application ou une plateforme \u00e0 partir de laquelle il fournit le service demand\u00e9. Ces cookies stockent des informations sur le comportement des utilisateurs obtenues par l&rsquo;observation continue de leurs habitudes de navigation, ce qui permet de d\u00e9velopper un profil sp\u00e9cifique pour afficher de la publicit\u00e9 en fonction de celui-ci.<br \/>\nConcr\u00e8tement, les cookies utilis\u00e9s sur cette page web sont :\n<\/p>\n<table class=\"cookies\" border=\"1\" width=\"100%\">\n<tbody>\n<tr>\n<td style=\"text-align: center;\" colspan=\"4\">COOKIES PROPRES<\/td>\n<\/tr>\n<tr>\n<td style=\"text-align: center;\" width=\"97\">Domaine sous lequel figure le cookie<\/td>\n<td style=\"text-align: center;\" width=\"149\">Nom<\/td>\n<td style=\"text-align: center;\" width=\"114\">Objectif<\/td>\n<td style=\"text-align: center;\" width=\"119\">Plus d&rsquo;informations<\/td>\n<\/tr>\n<tr>\n<td style=\"text-align: left;\" width=\"97\">banksandsaving.com<\/td>\n<td style=\"text-align: left;\" width=\"149\">wpml_browser_redirect_test, _icl_visitor_lang_js<\/td>\n<td style=\"text-align: left;\" width=\"114\">Ils sont utilis\u00e9s pour d\u00e9tecter et sauvegarder la configuration linguistique.<\/td>\n<td style=\"text-align: center;\" width=\"119\">\u00a0<\/td>\n<\/tr>\n<tr>\n<td rowspan=\"9\" width=\"97\">banksandsaving.com<\/td>\n<td width=\"149\">wpca_cc, wpca_consent<\/td>\n<td width=\"114\">Ils sont utilis\u00e9s pour sauvegarder les param\u00e8tres des cookies d\u00e9finis par l&rsquo;utilisateur.<\/td>\n<td width=\"119\">\u00a0<\/td>\n<\/tr>\n<\/tbody>\n<\/table>\n<p>&nbsp;<\/p>\n<table class=\"cookies\" border=\"1\" width=\"100%\">\n<tbody>\n<tr>\n<td style=\"text-align: center;\" colspan=\"4\">COOKIES DE TIERS<\/td>\n<\/tr>\n<tr>\n<td style=\"text-align: center;\" width=\"97\">Domaine sous lequel le cookie appara\u00eet<\/td>\n<td style=\"text-align: center;\" width=\"149\">Nom<\/td>\n<td style=\"text-align: center;\" width=\"114\">Objectif<\/td>\n<td style=\"text-align: center;\" width=\"119\">Plus d&rsquo;informations<\/td>\n<\/tr>\n<tr>\n<td style=\"text-align: center;\" width=\"97\">\u00a0<\/td>\n<td>\u00a0<\/td>\n<td width=\"114\">\u00a0<\/td>\n<td style=\"text-align: center;\" width=\"119\">\u00a0<\/td>\n<\/tr>\n<tr>\n<td>\u00a0<\/td>\n<td>\u00a0<\/td>\n<td>\u00a0<\/td>\n<td>\u00a0<\/td>\n<\/tr>\n<\/tbody>\n<\/table>\n<p>Vous pouvez \u00e0 tout moment autoriser, bloquer ou supprimer les cookies install\u00e9s sur votre ordinateur en configurant les options du navigateur que vous avez install\u00e9 : Google Chrome : Comment g\u00e9rer les cookies et les donn\u00e9es de site. Firefox : Activer et d\u00e9sactiver les cookies que les sites web utilisent pour suivre vos pr\u00e9f\u00e9rences. Internet Explorer : Bloquer ou autoriser les cookies. Safari : Naviguer sur Internet. Section sur la protection des informations personnelles (en bas de page)<\/p>\n","protected":false},"excerpt":{"rendered":"<p>QU&rsquo;EST-CE QUE LES COOKIES ?** Une cookie est un fichier qui se t\u00e9l\u00e9charge sur votre ordinateur lorsque vous acc\u00e9dez \u00e0 certaines pages web. Les cookies permettent \u00e0 une page web, entre autres, de stocker et de r\u00e9cup\u00e9rer des informations sur les habitudes de navigation d&rsquo;un utilisateur ou de son \u00e9quipement et, en fonction des informations [&hellip;]<\/p>\n","protected":false},"author":1,"featured_media":0,"parent":0,"menu_order":0,"comment_status":"closed","ping_status":"closed","template":"","meta":{"_et_pb_use_builder":"","_et_pb_old_content":"","_et_gb_content_width":"","footnotes":""},"class_list":["post-3010","page","type-page","status-publish","hentry"],"_links":{"self":[{"href":"https:\/\/www.insuranceandsaving.com\/fr\/wp-json\/wp\/v2\/pages\/3010","targetHints":{"allow":["GET"]}}],"collection":[{"href":"https:\/\/www.insuranceandsaving.com\/fr\/wp-json\/wp\/v2\/pages"}],"about":[{"href":"https:\/\/www.insuranceandsaving.com\/fr\/wp-json\/wp\/v2\/types\/page"}],"author":[{"embeddable":true,"href":"https:\/\/www.insuranceandsaving.com\/fr\/wp-json\/wp\/v2\/users\/1"}],"replies":[{"embeddable":true,"href":"https:\/\/www.insuranceandsaving.com\/fr\/wp-json\/wp\/v2\/comments?post=3010"}],"version-history":[{"count":1,"href":"https:\/\/www.insuranceandsaving.com\/fr\/wp-json\/wp\/v2\/pages\/3010\/revisions"}],"predecessor-version":[{"id":3061,"href":"https:\/\/www.insuranceandsaving.com\/fr\/wp-json\/wp\/v2\/pages\/3010\/revisions\/3061"}],"wp:attachment":[{"href":"https:\/\/www.insuranceandsaving.com\/fr\/wp-json\/wp\/v2\/media?parent=3010"}],"curies":[{"name":"wp","href":"https:\/\/api.w.org\/{rel}","templated":true}]}}