{"id":3229,"date":"2024-10-30T16:16:24","date_gmt":"2024-10-30T15:16:24","guid":{"rendered":"https:\/\/www.insuranceandsaving.com\/kontakt\/"},"modified":"2024-11-27T12:59:08","modified_gmt":"2024-11-27T11:59:08","slug":"kontakt","status":"publish","type":"page","link":"https:\/\/www.insuranceandsaving.com\/cs\/kontakt\/","title":{"rendered":"Kontakt"},"content":{"rendered":"<p>[et_pb_section fb_built=&#8220;1&#8243; _builder_version=&#8220;4.27.2&#8243; background_color=&#8220;#e03e35&#8243; custom_padding=&#8220;||0px|||&#8220; bottom_divider_style=&#8220;arrow&#8220; bottom_divider_color=&#8220;#f7f7f7&#8243; global_colors_info=&#8220;{}&#8220;][et_pb_row _builder_version=&#8220;4.27.2&#8243; background_enable_color=&#8220;off&#8220; width=&#8220;100%&#8220; max_width=&#8220;980px&#8220; custom_padding=&#8220;10vw||10vw||false|false&#8220; global_colors_info=&#8220;{}&#8220;][et_pb_column type=&#8220;4_4&#8243; _builder_version=&#8220;4.16&#8243; global_colors_info=&#8220;{}&#8220;][et_pb_text _builder_version=&#8220;4.27.2&#8243; header_text_align=&#8220;center&#8220; header_text_color=&#8220;#ffffff&#8220; header_font_size=&#8220;35px&#8220; custom_margin=&#8220;||-18px|||&#8220; global_colors_info=&#8220;{}&#8220;]<\/p>\n<h1>Kontaktujte n\u00e1s<\/h1>\n<p>[\/et_pb_text][et_pb_code _builder_version=&#8220;4.27.3&#8243; _module_preset=&#8220;default&#8220; custom_margin=&#8220;2vw||||false|false&#8220; hover_enabled=&#8220;0&#8243; custom_css_main_element=&#8220;p{}&#8220; custom_css_free_form=&#8220;p{||  color:white;||  text-align:center;||}||a{||  text-decoration:none;||}&#8220; global_colors_info=&#8220;{}&#8220; sticky_enabled=&#8220;0&#8243;]<pee style=\"text-align: center;\">Pokud chcete kontaktovat spole\u010dnost Insurance &amp; Saving, po\u0161lete n\u00e1m pros\u00edm e-mail na adresu <a style=\"color: white;\" href=\"mailto:info@insuranceandsaving.com\">info@insuranceandsaving.com<\/a><\/pee>[\/et_pb_code][et_pb_text disabled_on=&#8220;on|on|on&#8220; _builder_version=&#8220;4.27.2&#8243; header_text_align=&#8220;center&#8220; header_text_color=&#8220;#ffffff&#8220; header_font_size=&#8220;35px&#8220; custom_margin=&#8220;||-18px|||&#8220; custom_padding=&#8220;50px||||false|false&#8220; disabled=&#8220;on&#8220; global_colors_info=&#8220;{}&#8220;]<\/p>\n<p style=\"text-align: center;\">Pokud chcete kontaktovat spole\u010dnost Banks &amp; Saving, po\u0161lete n\u00e1m pros\u00edm e-mail na adresu info@insuranceandsaving.com<\/p>\n<p>[\/et_pb_text][et_pb_code disabled_on=&#8220;on|on|on&#8220; _builder_version=&#8220;4.27.2&#8243; disabled=&#8220;on&#8220; global_colors_info=&#8220;{}&#8220;]<!-- [et_pb_line_break_holder] -->\n<pee>&lt;iframe<\/pee>\n<!-- [et_pb_line_break_holder] -->\n<pee>id=&#8220;JotFormIFrame-201492290887362&#8243;<\/pee>\n<!-- [et_pb_line_break_holder] -->\n<pee>title=&#8220;form-ES-banksandsaving&#8220;<\/pee>\n<!-- [et_pb_line_break_holder] -->\n<pee>onload=&#8220;window.parent.scrollTo(0,0)&#8220;<\/pee>\n<!-- [et_pb_line_break_holder] -->\n<pee>allowtransparency=&#8220;true&#8220;<\/pee>\n<!-- [et_pb_line_break_holder] -->\n<pee>allowfullscreen=&#8220;true&#8220;<\/pee>\n<!-- [et_pb_line_break_holder] -->\n<pee>allow=&#8220;geolocation; microphone; camera&#8220;<\/pee>\n<!-- [et_pb_line_break_holder] -->\n<pee>src=&#8220;https:\/\/form.jotform.com\/201492290887362&#8243;<\/pee>\n<!-- [et_pb_line_break_holder] -->\n<pee>frameborder=&#8220;0&#8243;<\/pee>\n<!-- [et_pb_line_break_holder] -->\n<pee>style=&#8220;<\/pee>\n<!-- [et_pb_line_break_holder] -->\n<pee>min-width: 100%;<\/pee>\n<!-- [et_pb_line_break_holder] -->\n<pee>height:539px;<\/pee>\n<!-- [et_pb_line_break_holder] -->\n<pee>border:none;&#8220;<\/pee>\n<!-- [et_pb_line_break_holder] -->\n<pee>scrolling=&#8220;no&#8220;<\/pee>\n<!-- [et_pb_line_break_holder] -->\n<pee>&gt;<\/pee>\n<!-- [et_pb_line_break_holder] -->\n<pee>&nbsp;<\/pee>\n<!-- [et_pb_line_break_holder] -->\n<pee><script type=\"text\/javascript\"><!-- [et_pb_line_break_holder] -->      var ifr = document.getElementById(\"JotFormIFrame-201492290887362\");<!-- [et_pb_line_break_holder] -->      if(window.location.href && window.location.href.indexOf(\"?\") > -1) {<!-- [et_pb_line_break_holder] -->        var get = window.location.href.substr(window.location.href.indexOf(\"?\") + 1);<!-- [et_pb_line_break_holder] -->        if(ifr && get.length > 0) {<!-- [et_pb_line_break_holder] -->          var src = ifr.src;<!-- [et_pb_line_break_holder] -->          src = src.indexOf(\"?\") > -1 ? src + \"&\" + get : src  + \"?\" + get;<!-- [et_pb_line_break_holder] -->          ifr.src = src;<!-- [et_pb_line_break_holder] -->        }<!-- [et_pb_line_break_holder] -->      }<!-- [et_pb_line_break_holder] -->      window.handleIFrameMessage = function(e) {<!-- [et_pb_line_break_holder] -->        if (typeof e.data === 'object') { return; }<!-- [et_pb_line_break_holder] -->        var args = e.data.split(\":\");<!-- [et_pb_line_break_holder] -->        if (args.length > 2) { iframe = document.getElementById(\"JotFormIFrame-\" + args[(args.length - 1)]); } else { iframe = document.getElementById(\"JotFormIFrame\"); }<!-- [et_pb_line_break_holder] -->        if (!iframe) { return; }<!-- [et_pb_line_break_holder] -->        switch (args[0]) {<!-- [et_pb_line_break_holder] -->          case \"scrollIntoView\":<!-- [et_pb_line_break_holder] -->            iframe.scrollIntoView();<!-- [et_pb_line_break_holder] -->            break;<!-- [et_pb_line_break_holder] -->          case \"setHeight\":<!-- [et_pb_line_break_holder] -->            iframe.style.height = args[1] + \"px\";<!-- [et_pb_line_break_holder] -->            break;<!-- [et_pb_line_break_holder] -->          case \"collapseErrorPage\":<!-- [et_pb_line_break_holder] -->            if (iframe.clientHeight > window.innerHeight) {<!-- [et_pb_line_break_holder] -->              iframe.style.height = window.innerHeight + \"px\";<!-- [et_pb_line_break_holder] -->            }<!-- [et_pb_line_break_holder] -->            break;<!-- [et_pb_line_break_holder] -->          case \"reloadPage\":<!-- [et_pb_line_break_holder] -->            window.location.reload();<!-- [et_pb_line_break_holder] -->            break;<!-- [et_pb_line_break_holder] -->          case \"loadScript\":<!-- [et_pb_line_break_holder] -->            var src = args[1];<!-- [et_pb_line_break_holder] -->            if (args.length > 3) {<!-- [et_pb_line_break_holder] -->                src = args[1] + ':' + args[2];<!-- [et_pb_line_break_holder] -->            }<!-- [et_pb_line_break_holder] -->            var script = document.createElement('script');<!-- [et_pb_line_break_holder] -->            script.src = src;<!-- [et_pb_line_break_holder] -->            script.type = 'text\/javascript';<!-- [et_pb_line_break_holder] -->            document.body.appendChild(script);<!-- [et_pb_line_break_holder] -->            break;<!-- [et_pb_line_break_holder] -->          case \"exitFullscreen\":<!-- [et_pb_line_break_holder] -->            if      (window.document.exitFullscreen)        window.document.exitFullscreen();<!-- [et_pb_line_break_holder] -->            else if (window.document.mozCancelFullScreen)   window.document.mozCancelFullScreen();<!-- [et_pb_line_break_holder] -->            else if (window.document.mozCancelFullscreen)   window.document.mozCancelFullScreen();<!-- [et_pb_line_break_holder] -->            else if (window.document.webkitExitFullscreen)  window.document.webkitExitFullscreen();<!-- [et_pb_line_break_holder] -->            else if (window.document.msExitFullscreen)      window.document.msExitFullscreen();<!-- [et_pb_line_break_holder] -->            break;<!-- [et_pb_line_break_holder] -->        }<!-- [et_pb_line_break_holder] -->        var isJotForm = (e.origin.indexOf(\"jotform\") > -1) ? true : false;<!-- [et_pb_line_break_holder] -->        if(isJotForm && \"contentWindow\" in iframe && \"postMessage\" in iframe.contentWindow) {<!-- [et_pb_line_break_holder] -->          var urls = {\"docurl\":encodeURIComponent(document.URL),\"referrer\":encodeURIComponent(document.referrer)};<!-- [et_pb_line_break_holder] -->          iframe.contentWindow.postMessage(JSON.stringify({\"type\":\"urls\",\"value\":urls}), \"*\");<!-- [et_pb_line_break_holder] -->        }<!-- [et_pb_line_break_holder] -->      };<!-- [et_pb_line_break_holder] -->      if (window.addEventListener) {<!-- [et_pb_line_break_holder] -->        window.addEventListener(\"message\", handleIFrameMessage, false);<!-- [et_pb_line_break_holder] -->      } else if (window.attachEvent) {<!-- [et_pb_line_break_holder] -->        window.attachEvent(\"onmessage\", handleIFrameMessage);<!-- [et_pb_line_break_holder] -->      }<!-- [et_pb_line_break_holder] -->      <\/script><\/pee>[\/et_pb_code][\/et_pb_column][\/et_pb_row][et_pb_row _builder_version=&#8220;4.27.2&#8243; _module_preset=&#8220;default&#8220; custom_padding=&#8220;7vw||7vw||false|false&#8220; global_colors_info=&#8220;{}&#8220;][et_pb_column type=&#8220;4_4&#8243; _builder_version=&#8220;4.27.2&#8243; _module_preset=&#8220;default&#8220; global_colors_info=&#8220;{}&#8220;][\/et_pb_column][\/et_pb_row][\/et_pb_section]<\/p>\n","protected":false},"excerpt":{"rendered":"<p>Kontaktujte n\u00e1sPokud chcete kontaktovat spole\u010dnost Banks &amp; Saving, po\u0161lete n\u00e1m pros\u00edm e-mail na adresu info@insuranceandsaving.com<\/p>\n","protected":false},"author":2,"featured_media":0,"parent":0,"menu_order":0,"comment_status":"closed","ping_status":"closed","template":"","meta":{"_et_pb_use_builder":"on","_et_pb_old_content":"","_et_gb_content_width":"","footnotes":""},"class_list":["post-3229","page","type-page","status-publish","hentry"],"_links":{"self":[{"href":"https:\/\/www.insuranceandsaving.com\/cs\/wp-json\/wp\/v2\/pages\/3229","targetHints":{"allow":["GET"]}}],"collection":[{"href":"https:\/\/www.insuranceandsaving.com\/cs\/wp-json\/wp\/v2\/pages"}],"about":[{"href":"https:\/\/www.insuranceandsaving.com\/cs\/wp-json\/wp\/v2\/types\/page"}],"author":[{"embeddable":true,"href":"https:\/\/www.insuranceandsaving.com\/cs\/wp-json\/wp\/v2\/users\/2"}],"replies":[{"embeddable":true,"href":"https:\/\/www.insuranceandsaving.com\/cs\/wp-json\/wp\/v2\/comments?post=3229"}],"version-history":[{"count":38,"href":"https:\/\/www.insuranceandsaving.com\/cs\/wp-json\/wp\/v2\/pages\/3229\/revisions"}],"predecessor-version":[{"id":6014,"href":"https:\/\/www.insuranceandsaving.com\/cs\/wp-json\/wp\/v2\/pages\/3229\/revisions\/6014"}],"wp:attachment":[{"href":"https:\/\/www.insuranceandsaving.com\/cs\/wp-json\/wp\/v2\/media?parent=3229"}],"curies":[{"name":"wp","href":"https:\/\/api.w.org\/{rel}","templated":true}]}}