{"id":3033,"date":"2024-10-29T12:51:47","date_gmt":"2024-10-29T11:51:47","guid":{"rendered":"https:\/\/www.insuranceandsaving.com\/cookies\/"},"modified":"2024-10-29T12:51:47","modified_gmt":"2024-10-29T11:51:47","slug":"cookies","status":"publish","type":"page","link":"https:\/\/www.insuranceandsaving.com\/cs\/cookies\/","title":{"rendered":"Cookies"},"content":{"rendered":"<p> CO JSOU TO COOKIES? Soubor cookie je soubor, kter\u00fd se p\u0159i p\u0159\u00edstupu na ur\u010dit\u00e9 webov\u00e9 str\u00e1nky st\u00e1hne do va\u0161eho po\u010d\u00edta\u010de. Soubory cookie umo\u017e\u0148uj\u00ed webov\u00fdm str\u00e1nk\u00e1m mimo jin\u00e9 ukl\u00e1dat a na\u010d\u00edtat informace o zvyklostech u\u017eivatele nebo jeho po\u010d\u00edta\u010de p\u0159i prohl\u00ed\u017een\u00ed str\u00e1nek a v z\u00e1vislosti na informac\u00edch, kter\u00e9 obsahuj\u00ed, a na zp\u016fsobu pou\u017e\u00edv\u00e1n\u00ed po\u010d\u00edta\u010de mohou b\u00fdt pou\u017eity k rozpozn\u00e1n\u00ed u\u017eivatele. Soubory cookie, kter\u00e9 pou\u017e\u00edv\u00e1me, jsou n\u00e1sleduj\u00edc\u00ed: Soubory cookie prvn\u00ed strany: Jedn\u00e1 se o soubory cookie, kter\u00e9 jsou odes\u00edl\u00e1ny do koncov\u00e9ho za\u0159\u00edzen\u00ed u\u017eivatele z po\u010d\u00edta\u010de nebo dom\u00e9ny spravovan\u00e9 samotn\u00fdm editorem a z nich\u017e je poskytov\u00e1na slu\u017eba po\u017eadovan\u00e1 u\u017eivatelem. Soubory cookie t\u0159et\u00edch stran: Jedn\u00e1 se o soubory cookie, kter\u00e9 jsou odes\u00edl\u00e1ny do koncov\u00e9ho za\u0159\u00edzen\u00ed u\u017eivatele z po\u010d\u00edta\u010de nebo dom\u00e9ny, kter\u00e9 nejsou spravov\u00e1ny editorem, ale jin\u00fdm subjektem, kter\u00fd zpracov\u00e1v\u00e1 \u00fadaje z\u00edskan\u00e9 prost\u0159ednictv\u00edm soubor\u016f cookie. Soubory cookie relace: Jedn\u00e1 se o typ soubor\u016f cookie, kter\u00e9 jsou ur\u010deny ke shroma\u017e\u010fov\u00e1n\u00ed a ukl\u00e1d\u00e1n\u00ed dat b\u011bhem p\u0159\u00edstupu u\u017eivatele na webovou str\u00e1nku. Trval\u00e9 soubory cookie: Jedn\u00e1 se o typ soubor\u016f cookie, u nich\u017e \u00fadaje z\u016fst\u00e1vaj\u00ed ulo\u017eeny v termin\u00e1lu a lze k nim p\u0159istupovat a zpracov\u00e1vat je po dobu stanovenou stranou odpov\u011bdnou za soubor cookie, kter\u00e1 se m\u016f\u017ee pohybovat od n\u011bkolika minut a\u017e po n\u011bkolik let. Technick\u00e9 soubory cookie: Jedn\u00e1 se o soubory cookie, kter\u00e9 umo\u017e\u0148uj\u00ed u\u017eivateli proch\u00e1zet webov\u00e9 str\u00e1nky, platformu nebo aplikaci a vyu\u017e\u00edvat r\u016fzn\u00e9 mo\u017enosti nebo slu\u017eby, kter\u00e9 na nich existuj\u00ed, jako je nap\u0159\u00edklad \u0159\u00edzen\u00ed provozu a datov\u00e9 komunikace, identifikace relace, p\u0159\u00edstup do oblast\u00ed s omezen\u00fdm p\u0159\u00edstupem, zapamatov\u00e1n\u00ed prvk\u016f, kter\u00e9 tvo\u0159\u00ed objedn\u00e1vku, proveden\u00ed procesu n\u00e1kupu objedn\u00e1vky, pod\u00e1n\u00ed \u017e\u00e1dosti o registraci nebo \u00fa\u010dast na akci, pou\u017eit\u00ed bezpe\u010dnostn\u00edch prvk\u016f b\u011bhem prohl\u00ed\u017een\u00ed, ulo\u017een\u00ed obsahu pro vys\u00edl\u00e1n\u00ed videa nebo zvuku nebo sd\u00edlen\u00ed obsahu prost\u0159ednictv\u00edm soci\u00e1ln\u00edch s\u00edt\u00ed. Soubory cookie pro personalizaci: Tyto soubory cookie umo\u017e\u0148uj\u00ed u\u017eivateli p\u0159\u00edstup ke slu\u017eb\u011b s ur\u010dit\u00fdmi p\u0159edem definovan\u00fdmi obecn\u00fdmi charakteristikami v z\u00e1vislosti na \u0159ad\u011b krit\u00e9ri\u00ed v termin\u00e1lu u\u017eivatele, jako je jazyk, typ prohl\u00ed\u017ee\u010de pou\u017e\u00edvan\u00e9ho k p\u0159\u00edstupu ke slu\u017eb\u011b, region\u00e1ln\u00ed konfigurace, ze kter\u00e9 je slu\u017eba p\u0159\u00edstupn\u00e1, atd. Analytick\u00e9 soubory cookie: Tyto soubory cookie umo\u017e\u0148uj\u00ed stran\u011b, kter\u00e1 je za n\u011b odpov\u011bdn\u00e1, sledovat a analyzovat chov\u00e1n\u00ed u\u017eivatel\u016f webov\u00fdch str\u00e1nek, na kter\u00e9 jsou p\u0159ipojeny. Informace shrom\u00e1\u017ed\u011bn\u00e9 prost\u0159ednictv\u00edm tohoto typu soubor\u016f cookie se pou\u017e\u00edvaj\u00ed k m\u011b\u0159en\u00ed aktivity webov\u00fdch str\u00e1nek, aplikac\u00ed nebo platforem a k vypracov\u00e1n\u00ed profil\u016f prohl\u00ed\u017een\u00ed u\u017eivatel\u016f t\u011bchto str\u00e1nek, aplikac\u00ed a platforem, aby bylo mo\u017en\u00e9 zav\u00e9st zlep\u0161en\u00ed na z\u00e1klad\u011b anal\u00fdzy \u00fadaj\u016f o pou\u017e\u00edv\u00e1n\u00ed slu\u017eby u\u017eivateli. Reklamn\u00ed soubory cookie: Jedn\u00e1 se o soubory cookie, kter\u00e9 umo\u017e\u0148uj\u00ed co nejefektivn\u011bji spravovat reklamn\u00ed plochy, kter\u00e9 p\u0159\u00edpadn\u011b editor za\u0159adil na webov\u00e9 str\u00e1nky, aplikace nebo platformy, z nich\u017e je poskytov\u00e1na po\u017eadovan\u00e1 slu\u017eba, na z\u00e1klad\u011b krit\u00e9ri\u00ed, jako je upraven\u00fd obsah nebo frekvence zobrazov\u00e1n\u00ed reklam. Soubory cookie pro behavior\u00e1ln\u00ed reklamu: Tyto soubory cookie umo\u017e\u0148uj\u00ed co nejefektivn\u011bji spravovat reklamn\u00ed plochy, kter\u00e9 p\u0159\u00edpadn\u011b vydavatel za\u0159adil na webov\u00e9 str\u00e1nky, aplikace nebo platformy, z nich\u017e je po\u017eadovan\u00e1 slu\u017eba poskytov\u00e1na. Tyto soubory cookie uchov\u00e1vaj\u00ed informace o chov\u00e1n\u00ed u\u017eivatel\u016f z\u00edskan\u00e9 pr\u016fb\u011b\u017en\u00fdm sledov\u00e1n\u00edm jejich zvyklost\u00ed p\u0159i prohl\u00ed\u017een\u00ed str\u00e1nek, co\u017e umo\u017e\u0148uje vytvo\u0159it specifick\u00fd profil, na jeho\u017e z\u00e1klad\u011b se zobrazuje reklama. Konkr\u00e9tn\u011b se na t\u011bchto webov\u00fdch str\u00e1nk\u00e1ch pou\u017e\u00edvaj\u00ed tyto soubory cookie:<\/p>\n<table class=\"cookies\" border=\"1\" width=\"100%\">\n<tbody>\n<tr>\n<td style=\"text-align: center;\" colspan=\"4\">VLASTN\u00cd COKIES<\/td>\n<\/tr>\n<tr>\n<td style=\"text-align: center;\" width=\"97\">Dom\u00e9na, pod kterou se soubor cookie zobrazuje<\/td>\n<td style=\"text-align: center;\" width=\"149\">N\u00e1zev<\/td>\n<td style=\"text-align: center;\" width=\"114\">\u00da\u010del<\/td>\n<td style=\"text-align: center;\" width=\"119\">Dal\u0161\u00ed informace<\/td>\n<\/tr>\n<tr>\n<td style=\"text-align: left;\" width=\"97\">banksandsaving.com<\/td>\n<td style=\"text-align: left;\" width=\"149\">wpml_browser_redirect_test, _icl_visitor_lang_js<\/td>\n<td style=\"text-align: left;\" width=\"114\">Slou\u017e\u00ed ke zji\u0161t\u011bn\u00ed a ulo\u017een\u00ed konfigurace jazyka.<\/td>\n<td style=\"text-align: center;\" width=\"119\">\u00a0<\/td>\n<\/tr>\n<tr>\n<td rowspan=\"9\" width=\"97\">banksandsaving.com<\/td>\n<td width=\"149\">wpca_cc, wpca_consent<\/td>\n<td width=\"114\">Slou\u017e\u00ed k ulo\u017een\u00ed nastaven\u00ed soubor\u016f cookie nastaven\u00fdch u\u017eivatelem.<\/td>\n<td width=\"119\">\u00a0<\/td>\n<\/tr>\n<\/tbody>\n<\/table>\n<p>&nbsp;<\/p>\n<table class=\"cookies\" border=\"1\" width=\"100%\">\n<tbody>\n<tr>\n<td style=\"text-align: center;\" colspan=\"4\">COOKIES T\u0158ET\u00cdCH STRAN<\/td>\n<\/tr>\n<tr>\n<td style=\"text-align: center;\" width=\"97\">Dom\u00e9na, pod kterou se soubor cookie zobrazuje<\/td>\n<td style=\"text-align: center;\" width=\"149\">N\u00e1zev<\/td>\n<td style=\"text-align: center;\" width=\"114\">\u00da\u010del<\/td>\n<td style=\"text-align: center;\" width=\"119\">Dal\u0161\u00ed informace<\/td>\n<\/tr>\n<tr>\n<td style=\"text-align: center;\" width=\"97\">\u00a0<\/td>\n<td>\u00a0<\/td>\n<td width=\"114\">\u00a0<\/td>\n<td style=\"text-align: center;\" width=\"119\">\u00a0<\/td>\n<\/tr>\n<tr>\n<td>\u00a0<\/td>\n<td>\u00a0<\/td>\n<td>\u00a0<\/td>\n<td>\u00a0<\/td>\n<\/tr>\n<\/tbody>\n<\/table>\n<p>Soubory cookie nainstalovan\u00e9 v po\u010d\u00edta\u010di m\u016f\u017eete kdykoli povolit, zablokovat nebo odstranit pomoc\u00ed nastaven\u00ed mo\u017enost\u00ed nainstalovan\u00e9ho prohl\u00ed\u017ee\u010de: Google Chrome: Jak spravovat soubory cookie a data webu. Firefox: Povolen\u00ed a zak\u00e1z\u00e1n\u00ed soubor\u016f cookie, kter\u00e9 webov\u00e9 str\u00e1nky pou\u017e\u00edvaj\u00ed ke sledov\u00e1n\u00ed va\u0161ich preferenc\u00ed. Internet Explorer: Blokov\u00e1n\u00ed nebo povolen\u00ed soubor\u016f cookie. Safari: Proch\u00e1zen\u00ed internetu. \u010c\u00e1st Ochrana va\u0161ich osobn\u00edch \u00fadaj\u016f (v doln\u00ed \u010d\u00e1sti str\u00e1nky).<\/p>\n","protected":false},"excerpt":{"rendered":"<p>CO JSOU TO COOKIES? Soubor cookie je soubor, kter\u00fd se p\u0159i p\u0159\u00edstupu na ur\u010dit\u00e9 webov\u00e9 str\u00e1nky st\u00e1hne do va\u0161eho po\u010d\u00edta\u010de. Soubory cookie umo\u017e\u0148uj\u00ed webov\u00fdm str\u00e1nk\u00e1m mimo jin\u00e9 ukl\u00e1dat a na\u010d\u00edtat informace o zvyklostech u\u017eivatele nebo jeho po\u010d\u00edta\u010de p\u0159i prohl\u00ed\u017een\u00ed str\u00e1nek a v z\u00e1vislosti na informac\u00edch, kter\u00e9 obsahuj\u00ed, a na zp\u016fsobu pou\u017e\u00edv\u00e1n\u00ed po\u010d\u00edta\u010de mohou b\u00fdt pou\u017eity [&hellip;]<\/p>\n","protected":false},"author":1,"featured_media":0,"parent":0,"menu_order":0,"comment_status":"closed","ping_status":"closed","template":"","meta":{"_et_pb_use_builder":"","_et_pb_old_content":"","_et_gb_content_width":"","footnotes":""},"class_list":["post-3033","page","type-page","status-publish","hentry"],"_links":{"self":[{"href":"https:\/\/www.insuranceandsaving.com\/cs\/wp-json\/wp\/v2\/pages\/3033","targetHints":{"allow":["GET"]}}],"collection":[{"href":"https:\/\/www.insuranceandsaving.com\/cs\/wp-json\/wp\/v2\/pages"}],"about":[{"href":"https:\/\/www.insuranceandsaving.com\/cs\/wp-json\/wp\/v2\/types\/page"}],"author":[{"embeddable":true,"href":"https:\/\/www.insuranceandsaving.com\/cs\/wp-json\/wp\/v2\/users\/1"}],"replies":[{"embeddable":true,"href":"https:\/\/www.insuranceandsaving.com\/cs\/wp-json\/wp\/v2\/comments?post=3033"}],"version-history":[{"count":0,"href":"https:\/\/www.insuranceandsaving.com\/cs\/wp-json\/wp\/v2\/pages\/3033\/revisions"}],"wp:attachment":[{"href":"https:\/\/www.insuranceandsaving.com\/cs\/wp-json\/wp\/v2\/media?parent=3033"}],"curies":[{"name":"wp","href":"https:\/\/api.w.org\/{rel}","templated":true}]}}